{"id":65270,"date":"2025-09-04T11:45:46","date_gmt":"2025-09-04T08:45:46","guid":{"rendered":"https:\/\/freshgarbage.fi\/tuote\/the-farm-spartacus\/"},"modified":"2025-09-04T11:45:46","modified_gmt":"2025-09-04T08:45:46","slug":"the-farm-spartacus","status":"publish","type":"product","link":"https:\/\/freshgarbage.fi\/en\/product\/the-farm-spartacus\/","title":{"rendered":"The Farm \u2013 Spartacus"},"content":{"rendered":"","protected":false},"excerpt":{"rendered":"<p>Alkuper\u00e4inen Saksa-painos. Kevytt\u00e4 j\u00e4lke\u00e4, soi hyvin.<\/p>\n","protected":false},"featured_media":53984,"template":"","meta":{"_acf_changed":false},"product_brand":[],"product_cat":[130,127],"product_tag":[],"class_list":{"0":"post-65270","1":"product","2":"type-product","3":"status-publish","4":"has-post-thumbnail","6":"product_cat-alternative-indie-rock","7":"product_cat-electronic-en","8":"pa_formaatti-lp-en","9":"pa_kaytetty-uusi-2nd-hand","11":"first","12":"outofstock","13":"shipping-taxable","14":"purchasable","15":"product-type-simple"},"acf":[],"_links":{"self":[{"href":"https:\/\/freshgarbage.fi\/en\/wp-json\/wp\/v2\/product\/65270","targetHints":{"allow":["GET"]}}],"collection":[{"href":"https:\/\/freshgarbage.fi\/en\/wp-json\/wp\/v2\/product"}],"about":[{"href":"https:\/\/freshgarbage.fi\/en\/wp-json\/wp\/v2\/types\/product"}],"wp:featuredmedia":[{"embeddable":true,"href":"https:\/\/freshgarbage.fi\/en\/wp-json\/wp\/v2\/media\/53984"}],"wp:attachment":[{"href":"https:\/\/freshgarbage.fi\/en\/wp-json\/wp\/v2\/media?parent=65270"}],"wp:term":[{"taxonomy":"product_brand","embeddable":true,"href":"https:\/\/freshgarbage.fi\/en\/wp-json\/wp\/v2\/product_brand?post=65270"},{"taxonomy":"product_cat","embeddable":true,"href":"https:\/\/freshgarbage.fi\/en\/wp-json\/wp\/v2\/product_cat?post=65270"},{"taxonomy":"product_tag","embeddable":true,"href":"https:\/\/freshgarbage.fi\/en\/wp-json\/wp\/v2\/product_tag?post=65270"}],"curies":[{"name":"wp","href":"https:\/\/api.w.org\/{rel}","templated":true}]}}