{"id":65243,"date":"2025-09-17T17:00:39","date_gmt":"2025-09-17T14:00:39","guid":{"rendered":"https:\/\/freshgarbage.fi\/tuote\/jimi-tenor-sahkomies\/"},"modified":"2026-04-07T17:07:59","modified_gmt":"2026-04-07T14:07:59","slug":"jimi-tenor-sahkomies","status":"publish","type":"product","link":"https:\/\/freshgarbage.fi\/en\/product\/jimi-tenor-sahkomies\/","title":{"rendered":"Jimi Tenor \u2013 S\u00e4hk\u00f6mies"},"content":{"rendered":"","protected":false},"excerpt":{"rendered":"<p>With S\u00e4hk\u00f6mies, Jimi Tenor released his legendary solo debut in 1994 on Puu, a spin-off of the Finnish label S\u00e4hk\u00f6 Recordings founded by Tommi Gr\u00f6nlund and Mika Vainio in 1993. Recorded in Tenor&#8217;s former home in New York, the album offers a previously unheard mixture of drum machine driven, electronic sounds and Sun Ra-inspired jazz. Written, recorded and produced entirely by Tenor in his apartment, the pieces have lost none of their spontaneous, roughcast charm to this day. The record combines lo-fi electronics with Jimi Tenor&#8217;s typical smoky saxophone playing, offering a fascinating listening experience that documents an artist who is full of curiosity and the joy of experimentation. For the 30th anniversary of S\u00e4hk\u00f6mies, Bureau B is thrilled to make this special album available again on LP.<\/p>\n<p>A1 Theme Sax<br \/>\nA2 Crazy Hammond<br \/>\nA3 Union Ave.<br \/>\nA4 Take Me Baby<br \/>\nB1 Matti B<br \/>\nB2 Ter\u00e4smies<br \/>\nB3 Voimamies<br \/>\nB4 Travelin Dem Spaceways<\/p>\n","protected":false},"featured_media":54898,"template":"","meta":{"_acf_changed":false},"product_brand":[],"product_cat":[127,120,107],"product_tag":[],"class_list":{"0":"post-65243","1":"product","2":"type-product","3":"status-publish","4":"has-post-thumbnail","6":"product_cat-electronic-en","7":"product_cat-finnish","8":"product_cat-new","9":"pa_formaatti-lp-en","10":"pa_kaytetty-uusi-new","12":"first","13":"instock","14":"taxable","15":"shipping-taxable","16":"purchasable","17":"product-type-simple"},"acf":[],"_links":{"self":[{"href":"https:\/\/freshgarbage.fi\/en\/wp-json\/wp\/v2\/product\/65243","targetHints":{"allow":["GET"]}}],"collection":[{"href":"https:\/\/freshgarbage.fi\/en\/wp-json\/wp\/v2\/product"}],"about":[{"href":"https:\/\/freshgarbage.fi\/en\/wp-json\/wp\/v2\/types\/product"}],"wp:featuredmedia":[{"embeddable":true,"href":"https:\/\/freshgarbage.fi\/en\/wp-json\/wp\/v2\/media\/54898"}],"wp:attachment":[{"href":"https:\/\/freshgarbage.fi\/en\/wp-json\/wp\/v2\/media?parent=65243"}],"wp:term":[{"taxonomy":"product_brand","embeddable":true,"href":"https:\/\/freshgarbage.fi\/en\/wp-json\/wp\/v2\/product_brand?post=65243"},{"taxonomy":"product_cat","embeddable":true,"href":"https:\/\/freshgarbage.fi\/en\/wp-json\/wp\/v2\/product_cat?post=65243"},{"taxonomy":"product_tag","embeddable":true,"href":"https:\/\/freshgarbage.fi\/en\/wp-json\/wp\/v2\/product_tag?post=65243"}],"curies":[{"name":"wp","href":"https:\/\/api.w.org\/{rel}","templated":true}]}}