{"id":65103,"date":"2025-04-23T11:55:20","date_gmt":"2025-04-23T08:55:20","guid":{"rendered":"https:\/\/freshgarbage.fi\/tuote\/mondo-generator-cocaine-rodeo\/"},"modified":"2026-01-08T13:30:21","modified_gmt":"2026-01-08T11:30:21","slug":"mondo-generator-cocaine-rodeo","status":"publish","type":"product","link":"https:\/\/freshgarbage.fi\/en\/product\/mondo-generator-cocaine-rodeo\/","title":{"rendered":"Mondo Generator \u2013 Cocaine Rodeo"},"content":{"rendered":"","protected":false},"excerpt":{"rendered":"<p>1. painos, valkoinen vinyyli. Kevytt\u00e4 j\u00e4lke\u00e4, soi hienosti.<\/p>\n","protected":false},"featured_media":33576,"template":"","meta":{"_acf_changed":false},"product_brand":[],"product_cat":[114,134],"product_tag":[],"class_list":{"0":"post-65103","1":"product","2":"type-product","3":"status-publish","4":"has-post-thumbnail","6":"product_cat-punk-hardcore-psychobilly-en","7":"product_cat-stoner-doom-en","8":"pa_formaatti-lp-en","9":"pa_kaytetty-uusi-2nd-hand","11":"first","12":"instock","13":"shipping-taxable","14":"purchasable","15":"product-type-simple"},"acf":[],"_links":{"self":[{"href":"https:\/\/freshgarbage.fi\/en\/wp-json\/wp\/v2\/product\/65103","targetHints":{"allow":["GET"]}}],"collection":[{"href":"https:\/\/freshgarbage.fi\/en\/wp-json\/wp\/v2\/product"}],"about":[{"href":"https:\/\/freshgarbage.fi\/en\/wp-json\/wp\/v2\/types\/product"}],"wp:featuredmedia":[{"embeddable":true,"href":"https:\/\/freshgarbage.fi\/en\/wp-json\/wp\/v2\/media\/33576"}],"wp:attachment":[{"href":"https:\/\/freshgarbage.fi\/en\/wp-json\/wp\/v2\/media?parent=65103"}],"wp:term":[{"taxonomy":"product_brand","embeddable":true,"href":"https:\/\/freshgarbage.fi\/en\/wp-json\/wp\/v2\/product_brand?post=65103"},{"taxonomy":"product_cat","embeddable":true,"href":"https:\/\/freshgarbage.fi\/en\/wp-json\/wp\/v2\/product_cat?post=65103"},{"taxonomy":"product_tag","embeddable":true,"href":"https:\/\/freshgarbage.fi\/en\/wp-json\/wp\/v2\/product_tag?post=65103"}],"curies":[{"name":"wp","href":"https:\/\/api.w.org\/{rel}","templated":true}]}}