{"id":65016,"date":"2025-06-18T12:11:10","date_gmt":"2025-06-18T09:11:10","guid":{"rendered":"https:\/\/freshgarbage.fi\/tuote\/hurula-betongbarn-ep\/"},"modified":"2025-06-18T12:11:10","modified_gmt":"2025-06-18T09:11:10","slug":"hurula-betongbarn-ep","status":"publish","type":"product","link":"https:\/\/freshgarbage.fi\/en\/product\/hurula-betongbarn-ep\/","title":{"rendered":"Hurula \u2013 Betongbarn EP"},"content":{"rendered":"","protected":false},"excerpt":{"rendered":"<p>Alkuper\u00e4inen Ruotsi-painos vihre\u00e4ll\u00e4 levyll\u00e4. Numeroitu.<\/p>\n","protected":false},"featured_media":36054,"template":"","meta":{"_acf_changed":false},"product_brand":[],"product_cat":[130,114],"product_tag":[],"class_list":{"0":"post-65016","1":"product","2":"type-product","3":"status-publish","4":"has-post-thumbnail","6":"product_cat-alternative-indie-rock","7":"product_cat-punk-hardcore-psychobilly-en","8":"pa_formaatti-lp-en","9":"pa_kaytetty-uusi-2nd-hand","11":"first","12":"instock","13":"shipping-taxable","14":"purchasable","15":"product-type-simple"},"acf":[],"_links":{"self":[{"href":"https:\/\/freshgarbage.fi\/en\/wp-json\/wp\/v2\/product\/65016","targetHints":{"allow":["GET"]}}],"collection":[{"href":"https:\/\/freshgarbage.fi\/en\/wp-json\/wp\/v2\/product"}],"about":[{"href":"https:\/\/freshgarbage.fi\/en\/wp-json\/wp\/v2\/types\/product"}],"wp:featuredmedia":[{"embeddable":true,"href":"https:\/\/freshgarbage.fi\/en\/wp-json\/wp\/v2\/media\/36054"}],"wp:attachment":[{"href":"https:\/\/freshgarbage.fi\/en\/wp-json\/wp\/v2\/media?parent=65016"}],"wp:term":[{"taxonomy":"product_brand","embeddable":true,"href":"https:\/\/freshgarbage.fi\/en\/wp-json\/wp\/v2\/product_brand?post=65016"},{"taxonomy":"product_cat","embeddable":true,"href":"https:\/\/freshgarbage.fi\/en\/wp-json\/wp\/v2\/product_cat?post=65016"},{"taxonomy":"product_tag","embeddable":true,"href":"https:\/\/freshgarbage.fi\/en\/wp-json\/wp\/v2\/product_tag?post=65016"}],"curies":[{"name":"wp","href":"https:\/\/api.w.org\/{rel}","templated":true}]}}