{"id":65012,"date":"2025-03-13T11:45:15","date_gmt":"2025-03-13T09:45:15","guid":{"rendered":"https:\/\/freshgarbage.fi\/tuote\/j-m-k-e-kylmalle-maalle\/"},"modified":"2026-03-13T09:25:11","modified_gmt":"2026-03-13T07:25:11","slug":"j-m-k-e-kylmalle-maalle","status":"publish","type":"product","link":"https:\/\/freshgarbage.fi\/en\/product\/j-m-k-e-kylmalle-maalle\/","title":{"rendered":"J.M.K.E. \u2013 Kylm\u00e4lle Maalle"},"content":{"rendered":"","protected":false},"excerpt":{"rendered":"<p>Alkuper\u00e4inen painos.<\/p>\n<p>Levyss\u00e4 hieman hentoa j\u00e4lke\u00e4, soi EX-. Liite tallessa, mutta siin\u00e4 on tahra.<\/p>\n","protected":false},"featured_media":83496,"template":"","meta":{"_acf_changed":false},"product_brand":[],"product_cat":[114],"product_tag":[],"class_list":{"0":"post-65012","1":"product","2":"type-product","3":"status-publish","4":"has-post-thumbnail","6":"product_cat-punk-hardcore-psychobilly-en","7":"pa_formaatti-lp-en","8":"pa_kaytetty-uusi-2nd-hand","10":"first","11":"instock","12":"shipping-taxable","13":"purchasable","14":"product-type-simple"},"acf":[],"_links":{"self":[{"href":"https:\/\/freshgarbage.fi\/en\/wp-json\/wp\/v2\/product\/65012","targetHints":{"allow":["GET"]}}],"collection":[{"href":"https:\/\/freshgarbage.fi\/en\/wp-json\/wp\/v2\/product"}],"about":[{"href":"https:\/\/freshgarbage.fi\/en\/wp-json\/wp\/v2\/types\/product"}],"wp:featuredmedia":[{"embeddable":true,"href":"https:\/\/freshgarbage.fi\/en\/wp-json\/wp\/v2\/media\/83496"}],"wp:attachment":[{"href":"https:\/\/freshgarbage.fi\/en\/wp-json\/wp\/v2\/media?parent=65012"}],"wp:term":[{"taxonomy":"product_brand","embeddable":true,"href":"https:\/\/freshgarbage.fi\/en\/wp-json\/wp\/v2\/product_brand?post=65012"},{"taxonomy":"product_cat","embeddable":true,"href":"https:\/\/freshgarbage.fi\/en\/wp-json\/wp\/v2\/product_cat?post=65012"},{"taxonomy":"product_tag","embeddable":true,"href":"https:\/\/freshgarbage.fi\/en\/wp-json\/wp\/v2\/product_tag?post=65012"}],"curies":[{"name":"wp","href":"https:\/\/api.w.org\/{rel}","templated":true}]}}