{"id":64991,"date":"2024-09-21T13:54:36","date_gmt":"2024-09-21T10:54:36","guid":{"rendered":"https:\/\/freshgarbage.fi\/tuote\/meic-stevens-outlander\/"},"modified":"2024-09-21T13:54:36","modified_gmt":"2024-09-21T10:54:36","slug":"meic-stevens-outlander","status":"publish","type":"product","link":"https:\/\/freshgarbage.fi\/en\/product\/meic-stevens-outlander\/","title":{"rendered":"Meic Stevens \u2013 Outlander"},"content":{"rendered":"","protected":false},"excerpt":{"rendered":"<p>Alkuper\u00e4inen UK-painos<\/p>\n<p>Jonkin verran kevytt\u00e4 j\u00e4lke\u00e4. Muutama heiver\u00f6inen napsu, mutta p\u00e4\u00e4osin soi t\u00e4ysin ongelmitta. Kannessa reunakulumaa ja jokunen taittuma. Ei liitett\u00e4.<\/p>\n","protected":false},"featured_media":1103,"template":"","meta":{"_acf_changed":false},"product_brand":[],"product_cat":[131,113],"product_tag":[],"class_list":{"0":"post-64991","1":"product","2":"type-product","3":"status-publish","4":"has-post-thumbnail","6":"product_cat-60s-70s-psych-rock-garage-rock-en","7":"product_cat-progressive-rock-krautrock-en","8":"pa_formaatti-lp-en","9":"pa_kaytetty-uusi-2nd-hand","11":"first","12":"instock","13":"shipping-taxable","14":"purchasable","15":"product-type-simple"},"acf":[],"_links":{"self":[{"href":"https:\/\/freshgarbage.fi\/en\/wp-json\/wp\/v2\/product\/64991","targetHints":{"allow":["GET"]}}],"collection":[{"href":"https:\/\/freshgarbage.fi\/en\/wp-json\/wp\/v2\/product"}],"about":[{"href":"https:\/\/freshgarbage.fi\/en\/wp-json\/wp\/v2\/types\/product"}],"wp:featuredmedia":[{"embeddable":true,"href":"https:\/\/freshgarbage.fi\/en\/wp-json\/wp\/v2\/media\/1103"}],"wp:attachment":[{"href":"https:\/\/freshgarbage.fi\/en\/wp-json\/wp\/v2\/media?parent=64991"}],"wp:term":[{"taxonomy":"product_brand","embeddable":true,"href":"https:\/\/freshgarbage.fi\/en\/wp-json\/wp\/v2\/product_brand?post=64991"},{"taxonomy":"product_cat","embeddable":true,"href":"https:\/\/freshgarbage.fi\/en\/wp-json\/wp\/v2\/product_cat?post=64991"},{"taxonomy":"product_tag","embeddable":true,"href":"https:\/\/freshgarbage.fi\/en\/wp-json\/wp\/v2\/product_tag?post=64991"}],"curies":[{"name":"wp","href":"https:\/\/api.w.org\/{rel}","templated":true}]}}