{"id":64977,"date":"2025-11-25T11:45:45","date_gmt":"2025-11-25T09:45:45","guid":{"rendered":"https:\/\/freshgarbage.fi\/tuote\/jess-and-the-ancient-ones-the-horse-and-other-weird-tales\/"},"modified":"2025-11-25T11:45:45","modified_gmt":"2025-11-25T09:45:45","slug":"jess-and-the-ancient-ones-the-horse-and-other-weird-tales","status":"publish","type":"product","link":"https:\/\/freshgarbage.fi\/en\/product\/jess-and-the-ancient-ones-the-horse-and-other-weird-tales\/","title":{"rendered":"Jess And The Ancient Ones \u2013 The Horse And Other Weird Tales"},"content":{"rendered":"","protected":false},"excerpt":{"rendered":"<p>Alkuper\u00e4inen painos. Hieman kevytt\u00e4 j\u00e4lke\u00e4, soi hienosti.<\/p>\n","protected":false},"featured_media":59838,"template":"","meta":{"_acf_changed":false},"product_brand":[],"product_cat":[120,134],"product_tag":[],"class_list":{"0":"post-64977","1":"product","2":"type-product","3":"status-publish","4":"has-post-thumbnail","6":"product_cat-finnish","7":"product_cat-stoner-doom-en","8":"pa_formaatti-lp-en","9":"pa_kaytetty-uusi-2nd-hand","11":"first","12":"instock","13":"shipping-taxable","14":"purchasable","15":"product-type-simple"},"acf":[],"_links":{"self":[{"href":"https:\/\/freshgarbage.fi\/en\/wp-json\/wp\/v2\/product\/64977","targetHints":{"allow":["GET"]}}],"collection":[{"href":"https:\/\/freshgarbage.fi\/en\/wp-json\/wp\/v2\/product"}],"about":[{"href":"https:\/\/freshgarbage.fi\/en\/wp-json\/wp\/v2\/types\/product"}],"wp:featuredmedia":[{"embeddable":true,"href":"https:\/\/freshgarbage.fi\/en\/wp-json\/wp\/v2\/media\/59838"}],"wp:attachment":[{"href":"https:\/\/freshgarbage.fi\/en\/wp-json\/wp\/v2\/media?parent=64977"}],"wp:term":[{"taxonomy":"product_brand","embeddable":true,"href":"https:\/\/freshgarbage.fi\/en\/wp-json\/wp\/v2\/product_brand?post=64977"},{"taxonomy":"product_cat","embeddable":true,"href":"https:\/\/freshgarbage.fi\/en\/wp-json\/wp\/v2\/product_cat?post=64977"},{"taxonomy":"product_tag","embeddable":true,"href":"https:\/\/freshgarbage.fi\/en\/wp-json\/wp\/v2\/product_tag?post=64977"}],"curies":[{"name":"wp","href":"https:\/\/api.w.org\/{rel}","templated":true}]}}