{"id":64944,"date":"2024-11-08T11:00:25","date_gmt":"2024-11-08T09:00:25","guid":{"rendered":"https:\/\/freshgarbage.fi\/tuote\/various-swedish-graffiti\/"},"modified":"2024-11-08T11:00:25","modified_gmt":"2024-11-08T09:00:25","slug":"various-swedish-graffiti","status":"publish","type":"product","link":"https:\/\/freshgarbage.fi\/en\/product\/various-swedish-graffiti\/","title":{"rendered":"Various \u2013 Swedish Graffiti"},"content":{"rendered":"","protected":false},"excerpt":{"rendered":"<p>2LP. Kannessa hieman pintarep\u00e4m\u00e4\u00e4 sek\u00e4 molemmissa yl\u00e4saumoissa pienet seam splitit. Lis\u00e4ksi muutama pieni tarra ja yleist\u00e4 nuhjua.<\/p>\n<p>A1 Ola &amp; The Janglers \u2013 Alex Is The Man<br \/>\nA2 Hep Stars \u2013 Sunny Girl<br \/>\nA3 Tages \u2013 Every Raindrop Means A Lot<br \/>\nA4 The Violents \u2013 Alpens Ros<br \/>\nA5 Mascots \u2013 A Sad Boy<br \/>\nA6 The Streaplers \u2013 Diggity Doggety<br \/>\nA7 Jerry Williams &amp; The Violents \u2013 Hello Goodbye (Twistin&#8217; Patricia)<br \/>\nA8 Hounds \u2013 The Lion Sleeps Tonight<br \/>\nB1 The Lee Kings \u2013 Stop The Music<br \/>\nB2 Suzie \u2013 Johnny Loves Me<br \/>\nB3 Gunnar Kinch \u2013 Bop-A-Lena<br \/>\nB4 Fabulous Four \u2013 Don&#8217;t Go Out Into The Rain<br \/>\nB5 The Shanes \u2013 Chris Craft No. 9<br \/>\nB6 Ola &amp; The Janglers \u2013 Love Was On My Mind<br \/>\nB7 Gonks \u2013 Loppan<br \/>\nB8 Jerry Williams &amp; The Violents \u2013 Darling Nelly Grey<br \/>\nC1 New Generation \u2013 Two Faces Have I<br \/>\nC2 The Spotnicks \u2013 Amapola<br \/>\nC3 Hep Stars \u2013 Cadillac<br \/>\nC4 The Caretakers \u2013 The End Of The World<br \/>\nC5 Lucas \u2013 Go Now<br \/>\nC6 Tom &amp; Mick \u2013 Somebody&#8217;s Taken Maria Away<br \/>\nC7 Tages \u2013 I Should Be Glad<br \/>\nC8 Slamcreepers Med Bj\u00f6rn Skifs \u2013 Mr. Personality Man<br \/>\nD1 Hounds \u2013 Sealed With A Kiss<br \/>\nD2 The Shakers \u2013 Too Much Monkey Business<br \/>\nD3 The Lee Kings \u2013 L.O.D. (Love On Delivery)<br \/>\nD4 The Jackpots \u2013 Walk Like A Man<br \/>\nD5 Mascots \u2013 Baby Baby<br \/>\nB6 Tages \u2013 So Many Girls<br \/>\nB7 Fabulous Four \u2013 Puff (The Magic Dragon)<br \/>\nB8 Ola &amp; The Janglers \u2013 Let&#8217;s Dance<\/p>\n","protected":false},"featured_media":25818,"template":"","meta":{"_acf_changed":false},"product_brand":[],"product_cat":[131,116],"product_tag":[],"class_list":{"0":"post-64944","1":"product","2":"type-product","3":"status-publish","4":"has-post-thumbnail","6":"product_cat-60s-70s-psych-rock-garage-rock-en","7":"product_cat-rock-pop-en","8":"pa_formaatti-lp-en","9":"pa_kaytetty-uusi-2nd-hand","11":"first","12":"instock","13":"shipping-taxable","14":"purchasable","15":"product-type-simple"},"acf":[],"_links":{"self":[{"href":"https:\/\/freshgarbage.fi\/en\/wp-json\/wp\/v2\/product\/64944","targetHints":{"allow":["GET"]}}],"collection":[{"href":"https:\/\/freshgarbage.fi\/en\/wp-json\/wp\/v2\/product"}],"about":[{"href":"https:\/\/freshgarbage.fi\/en\/wp-json\/wp\/v2\/types\/product"}],"wp:featuredmedia":[{"embeddable":true,"href":"https:\/\/freshgarbage.fi\/en\/wp-json\/wp\/v2\/media\/25818"}],"wp:attachment":[{"href":"https:\/\/freshgarbage.fi\/en\/wp-json\/wp\/v2\/media?parent=64944"}],"wp:term":[{"taxonomy":"product_brand","embeddable":true,"href":"https:\/\/freshgarbage.fi\/en\/wp-json\/wp\/v2\/product_brand?post=64944"},{"taxonomy":"product_cat","embeddable":true,"href":"https:\/\/freshgarbage.fi\/en\/wp-json\/wp\/v2\/product_cat?post=64944"},{"taxonomy":"product_tag","embeddable":true,"href":"https:\/\/freshgarbage.fi\/en\/wp-json\/wp\/v2\/product_tag?post=64944"}],"curies":[{"name":"wp","href":"https:\/\/api.w.org\/{rel}","templated":true}]}}