{"id":64862,"date":"2026-01-27T12:00:09","date_gmt":"2026-01-27T10:00:09","guid":{"rendered":"https:\/\/freshgarbage.fi\/tuote\/ratto-ja-lehtisalo-herttakolmonen\/"},"modified":"2026-01-28T13:41:25","modified_gmt":"2026-01-28T11:41:25","slug":"ratto-ja-lehtisalo-herttakolmonen","status":"publish","type":"product","link":"https:\/\/freshgarbage.fi\/en\/product\/ratto-ja-lehtisalo-herttakolmonen\/","title":{"rendered":"R\u00e4tt\u00f6 ja Lehtisalo \u2013 Herttakolmonen"},"content":{"rendered":"","protected":false},"excerpt":{"rendered":"<p>Porilaisen superduon pitk\u00e4\u00e4n odotettu uutuuslevy Herttakolmonen sis\u00e4lt\u00e4\u00e4 sek\u00e4 kaikuja menneest\u00e4 ett\u00e4 aivan uusia tuulia. Kylm\u00e4ksi j\u00e4tt\u00e4m\u00e4tt\u00f6myys -takuu!<\/p>\n<p>1. Vihre\u00e4 mies<br \/>\n2. Safiiri ja Ter\u00e4s<br \/>\n3. Hermoparantola<br \/>\n4. Spiritismi<br \/>\n5. Aktiiviel\u00e4m\u00e4<br \/>\n6. Avaruusshampanja<br \/>\n7. Postieversti<br \/>\n8. Nykyaika<\/p>\n","protected":false},"featured_media":58306,"template":"","meta":{"_acf_changed":false},"product_brand":[],"product_cat":[120,107],"product_tag":[],"class_list":{"0":"post-64862","1":"product","2":"type-product","3":"status-publish","4":"has-post-thumbnail","6":"product_cat-finnish","7":"product_cat-new","8":"pa_formaatti-lp-en","9":"pa_kaytetty-uusi-new","11":"first","12":"instock","13":"taxable","14":"shipping-taxable","15":"purchasable","16":"product-type-simple"},"acf":[],"_links":{"self":[{"href":"https:\/\/freshgarbage.fi\/en\/wp-json\/wp\/v2\/product\/64862","targetHints":{"allow":["GET"]}}],"collection":[{"href":"https:\/\/freshgarbage.fi\/en\/wp-json\/wp\/v2\/product"}],"about":[{"href":"https:\/\/freshgarbage.fi\/en\/wp-json\/wp\/v2\/types\/product"}],"wp:featuredmedia":[{"embeddable":true,"href":"https:\/\/freshgarbage.fi\/en\/wp-json\/wp\/v2\/media\/58306"}],"wp:attachment":[{"href":"https:\/\/freshgarbage.fi\/en\/wp-json\/wp\/v2\/media?parent=64862"}],"wp:term":[{"taxonomy":"product_brand","embeddable":true,"href":"https:\/\/freshgarbage.fi\/en\/wp-json\/wp\/v2\/product_brand?post=64862"},{"taxonomy":"product_cat","embeddable":true,"href":"https:\/\/freshgarbage.fi\/en\/wp-json\/wp\/v2\/product_cat?post=64862"},{"taxonomy":"product_tag","embeddable":true,"href":"https:\/\/freshgarbage.fi\/en\/wp-json\/wp\/v2\/product_tag?post=64862"}],"curies":[{"name":"wp","href":"https:\/\/api.w.org\/{rel}","templated":true}]}}