{"id":64857,"date":"2025-11-08T10:00:45","date_gmt":"2025-11-08T08:00:45","guid":{"rendered":"https:\/\/freshgarbage.fi\/tuote\/rock-siltanen-group-systeemi\/"},"modified":"2025-11-08T10:00:45","modified_gmt":"2025-11-08T08:00:45","slug":"rock-siltanen-group-systeemi","status":"publish","type":"product","link":"https:\/\/freshgarbage.fi\/en\/product\/rock-siltanen-group-systeemi\/","title":{"rendered":"Rock Siltanen Group \u2013 Systeemi"},"content":{"rendered":"","protected":false},"excerpt":{"rendered":"<p><em>Systeemi jauhaa p\u00e4ivisin ja systeemi jauhaa \u00f6isin<\/em><\/p>\n<p>Rock Siltanen Group julkaisee kolmannen pitk\u00e4soittonsa Systeemi lokakuun lopussa. Nykyp\u00e4iv\u00e4n menoa kommentoiva dystooppinen rock\u2019n\u2019roll -teema-albumi on samalla askel synteettisemm\u00e4n jyt\u00e4n suuntaan. Albumin kappalemateriaalista ja tuotannosta vastaava Rock Siltanen sanoo tiedostavansa, ett\u00e4 todellinen taide her\u00e4tt\u00e4\u00e4 usein aluksi h\u00e4mmennyst\u00e4 ja niin on luultavasti k\u00e4yv\u00e4 nytkin. Laskua kuitenkin pehment\u00e4v\u00e4t mm. paljon keskustelua her\u00e4tt\u00e4nyt singlelohkaisu Dio Selviss\u00e4 sek\u00e4 rivakka bile-anthem Syntinen y\u00f6.<\/p>\n<p>RSG on edelleen tuttu trio: laulaja-basisti Rock Siltanen, kitaristi Joni Ekman ja rumpali Sebastian Kr\u00fchn. Auttavan k\u00e4tens\u00e4 ovat tarjonneet kosketinvelhot Janne Lastum\u00e4ki, Niko Saarinen, Mikko Salonen sek\u00e4 laulaja Eetu Halme.<\/p>\n<p>A1 &#8230;Yhteys Heikkenee<br \/>\nA2 Systeemi<br \/>\nA3 Uhrasin Lupaavan Urani Rock &#8216;n&#8217; Rollille<br \/>\nA4 Syntinen Y\u00f6<br \/>\nA5 Mit\u00e4 T\u00e4\u00e4ll\u00e4 Tapahtuu<br \/>\nB1 Dio Selviss\u00e4<br \/>\nB2 Disco Lady, Hippie Lady<br \/>\nB3 Viek\u00e4\u00e4 Tuhkatkin Pes\u00e4st\u00e4<br \/>\nB4 Lodjussa&#8230;<\/p>\n","protected":false},"featured_media":58631,"template":"","meta":{"_acf_changed":false},"product_brand":[],"product_cat":[120,107],"product_tag":[],"class_list":{"0":"post-64857","1":"product","2":"type-product","3":"status-publish","4":"has-post-thumbnail","6":"product_cat-finnish","7":"product_cat-new","8":"pa_formaatti-lp-en","9":"pa_kaytetty-uusi-new","11":"first","12":"instock","13":"taxable","14":"shipping-taxable","15":"purchasable","16":"product-type-simple"},"acf":[],"_links":{"self":[{"href":"https:\/\/freshgarbage.fi\/en\/wp-json\/wp\/v2\/product\/64857","targetHints":{"allow":["GET"]}}],"collection":[{"href":"https:\/\/freshgarbage.fi\/en\/wp-json\/wp\/v2\/product"}],"about":[{"href":"https:\/\/freshgarbage.fi\/en\/wp-json\/wp\/v2\/types\/product"}],"wp:featuredmedia":[{"embeddable":true,"href":"https:\/\/freshgarbage.fi\/en\/wp-json\/wp\/v2\/media\/58631"}],"wp:attachment":[{"href":"https:\/\/freshgarbage.fi\/en\/wp-json\/wp\/v2\/media?parent=64857"}],"wp:term":[{"taxonomy":"product_brand","embeddable":true,"href":"https:\/\/freshgarbage.fi\/en\/wp-json\/wp\/v2\/product_brand?post=64857"},{"taxonomy":"product_cat","embeddable":true,"href":"https:\/\/freshgarbage.fi\/en\/wp-json\/wp\/v2\/product_cat?post=64857"},{"taxonomy":"product_tag","embeddable":true,"href":"https:\/\/freshgarbage.fi\/en\/wp-json\/wp\/v2\/product_tag?post=64857"}],"curies":[{"name":"wp","href":"https:\/\/api.w.org\/{rel}","templated":true}]}}