{"id":64731,"date":"2025-07-02T11:55:13","date_gmt":"2025-07-02T08:55:13","guid":{"rendered":"https:\/\/freshgarbage.fi\/tuote\/el-guincho-alegranza\/"},"modified":"2025-07-02T11:55:13","modified_gmt":"2025-07-02T08:55:13","slug":"el-guincho-alegranza","status":"publish","type":"product","link":"https:\/\/freshgarbage.fi\/en\/product\/el-guincho-alegranza\/","title":{"rendered":"El Guincho \u2013 Alegranza"},"content":{"rendered":"","protected":false},"excerpt":{"rendered":"<p>Alkuper\u00e4inen UK-painos.<\/p>\n<p>Juliste puuttuu, mutta ilmeisesti sit\u00e4 ei kaikissa ollut mukana alunperink\u00e4\u00e4n.<\/p>\n","protected":false},"featured_media":36504,"template":"","meta":{"_acf_changed":false},"product_brand":[],"product_cat":[126,137],"product_tag":[],"class_list":{"0":"post-64731","1":"product","2":"type-product","3":"status-publish","4":"has-post-thumbnail","6":"product_cat-experimental-ambient-noise-contemporary-classical","7":"product_cat-world-music-traditional-ethnic-en","8":"pa_formaatti-lp-en","9":"pa_kaytetty-uusi-2nd-hand","11":"first","12":"instock","13":"shipping-taxable","14":"purchasable","15":"product-type-simple"},"acf":[],"_links":{"self":[{"href":"https:\/\/freshgarbage.fi\/en\/wp-json\/wp\/v2\/product\/64731","targetHints":{"allow":["GET"]}}],"collection":[{"href":"https:\/\/freshgarbage.fi\/en\/wp-json\/wp\/v2\/product"}],"about":[{"href":"https:\/\/freshgarbage.fi\/en\/wp-json\/wp\/v2\/types\/product"}],"wp:featuredmedia":[{"embeddable":true,"href":"https:\/\/freshgarbage.fi\/en\/wp-json\/wp\/v2\/media\/36504"}],"wp:attachment":[{"href":"https:\/\/freshgarbage.fi\/en\/wp-json\/wp\/v2\/media?parent=64731"}],"wp:term":[{"taxonomy":"product_brand","embeddable":true,"href":"https:\/\/freshgarbage.fi\/en\/wp-json\/wp\/v2\/product_brand?post=64731"},{"taxonomy":"product_cat","embeddable":true,"href":"https:\/\/freshgarbage.fi\/en\/wp-json\/wp\/v2\/product_cat?post=64731"},{"taxonomy":"product_tag","embeddable":true,"href":"https:\/\/freshgarbage.fi\/en\/wp-json\/wp\/v2\/product_tag?post=64731"}],"curies":[{"name":"wp","href":"https:\/\/api.w.org\/{rel}","templated":true}]}}