{"id":64657,"date":"2025-12-05T14:42:43","date_gmt":"2025-12-05T12:42:43","guid":{"rendered":"https:\/\/freshgarbage.fi\/tuote\/joni-ekman-joko-saa-laulaa\/"},"modified":"2025-12-05T14:42:43","modified_gmt":"2025-12-05T12:42:43","slug":"joni-ekman-joko-saa-laulaa","status":"publish","type":"product","link":"https:\/\/freshgarbage.fi\/en\/product\/joni-ekman-joko-saa-laulaa\/","title":{"rendered":"Joni Ekman \u2013 Joko saa laulaa?"},"content":{"rendered":"","protected":false},"excerpt":{"rendered":"<p>Suomalaisen ressukkarockin pikkuj\u00e4ttil\u00e4inen ja j\u00e4rkkym\u00e4t\u00f6n ikiliikkuja Joni Ekman julkaisee uuden soololevyns\u00e4 Joko saa laulaa? joulukuun alussa. Tamperelaisartistin seitsem\u00e4s sooloalbumi sis\u00e4lt\u00e4\u00e4 puolisen tuntia kitarapoppia, glam rockia, folkia ja s\u00e4hk\u00f6pianoballadeja el\u00e4v\u00e4st\u00e4 el\u00e4m\u00e4st\u00e4; Katsekontakti kes\u00e4y\u00f6ss\u00e4 ja suuret unelmat, lasinsirpaleita diskon tahmealla tanssilattialla ja laskuhumala. &#8220;Sinut kyll\u00e4 muistan, vaikket sit\u00e4 ehk\u00e4 itse tied\u00e4&#8230;&#8221; kertoo artisti itse.<\/p>\n<p>Ostoksilla on tulevan t\u00e4yspitk\u00e4n k\u00e4rkisingle. Kappaleen kertoja pohtii ihmisen tarvetta haalia itselleen turhaa tavaraa, mutta samalla my\u00f6nt\u00e4\u00e4 syyllistyv\u00e4ns\u00e4 itsekin siihen. Mit\u00e4 voi tehd\u00e4, kun mik\u00e4\u00e4n m\u00e4\u00e4r\u00e4 tavaraa ei en\u00e4\u00e4 tunnu milt\u00e4\u00e4n? J\u00e4\u00e4k\u00e4\u00e4mme pohtimaan t\u00e4t\u00e4 kitarasoolon repiess\u00e4 taustalla. Kappaleen maukkaan saksofonisoolon toimittaa Inari Ruonamaa. Katso Lauri Anttilan tekem\u00e4 video Ostoksilla -singleen alta.<\/p>\n<p>Joko saa laulaa? julkaistaan 200 kappaleen rajoitettuna mustana vinyylipainoksena perjantaina 5.12.2025. Tulevilla keikoilla levyn materiaalia esitt\u00e4\u00e4 Joni Ekman Group mukanaan koskettimissa mm. Amuri- ja Samanna -yhtyeist\u00e4 tuttu Anna Pesonen.<\/p>\n<p>A1 Tule rakkaus<br \/>\nA2 Lasi vett\u00e4 ja kuulemiin<br \/>\nA3 Y\u00f6<br \/>\nA4 Kello on jo paljon<br \/>\nB1 Ostoksilla<br \/>\nB2 Yhdess\u00e4 vai erikseen?<br \/>\nB3 Viiniryp\u00e4leet<br \/>\nB4 Ei n\u00e4y, ei kuulu<\/p>\n<p>https:\/\/www.youtube.com\/watch?v=jxpI58U3x6o<\/p>\n","protected":false},"featured_media":60877,"template":"","meta":{"_acf_changed":false},"product_brand":[],"product_cat":[120,107],"product_tag":[],"class_list":{"0":"post-64657","1":"product","2":"type-product","3":"status-publish","4":"has-post-thumbnail","6":"product_cat-finnish","7":"product_cat-new","8":"pa_formaatti-lp-en","9":"pa_kaytetty-uusi-new","11":"first","12":"instock","13":"taxable","14":"shipping-taxable","15":"purchasable","16":"product-type-simple"},"acf":[],"_links":{"self":[{"href":"https:\/\/freshgarbage.fi\/en\/wp-json\/wp\/v2\/product\/64657","targetHints":{"allow":["GET"]}}],"collection":[{"href":"https:\/\/freshgarbage.fi\/en\/wp-json\/wp\/v2\/product"}],"about":[{"href":"https:\/\/freshgarbage.fi\/en\/wp-json\/wp\/v2\/types\/product"}],"wp:featuredmedia":[{"embeddable":true,"href":"https:\/\/freshgarbage.fi\/en\/wp-json\/wp\/v2\/media\/60877"}],"wp:attachment":[{"href":"https:\/\/freshgarbage.fi\/en\/wp-json\/wp\/v2\/media?parent=64657"}],"wp:term":[{"taxonomy":"product_brand","embeddable":true,"href":"https:\/\/freshgarbage.fi\/en\/wp-json\/wp\/v2\/product_brand?post=64657"},{"taxonomy":"product_cat","embeddable":true,"href":"https:\/\/freshgarbage.fi\/en\/wp-json\/wp\/v2\/product_cat?post=64657"},{"taxonomy":"product_tag","embeddable":true,"href":"https:\/\/freshgarbage.fi\/en\/wp-json\/wp\/v2\/product_tag?post=64657"}],"curies":[{"name":"wp","href":"https:\/\/api.w.org\/{rel}","templated":true}]}}