{"id":64652,"date":"2025-12-10T13:15:23","date_gmt":"2025-12-10T11:15:23","guid":{"rendered":"https:\/\/freshgarbage.fi\/tuote\/shadowplay-raw-powder\/"},"modified":"2025-12-10T13:15:23","modified_gmt":"2025-12-10T11:15:23","slug":"shadowplay-raw-powder","status":"publish","type":"product","link":"https:\/\/freshgarbage.fi\/en\/product\/shadowplay-raw-powder\/","title":{"rendered":"Shadowplay \u2013 Raw Powder"},"content":{"rendered":"","protected":false},"excerpt":{"rendered":"<p>Ensimm\u00e4ist\u00e4 kertaa vinyylill\u00e4! Remasteroitu 200 kpl painos.<\/p>\n<p>A<br \/>\n1. Cling To It 3:13<br \/>\n2. Rose 3:59<br \/>\n3. There\u2019s Been A Few 3:28<br \/>\n4. Gone Forever 3:43<br \/>\n5. Sunshine 2:47<br \/>\n6. Tremble On 2:48<\/p>\n<p>B<br \/>\n7. That\u2019s All I\u2019m Waiting For 2:59<br \/>\n8. Ragged Tragedy Doll 4:42<br \/>\n9. Try Not To Lose It 3:21<br \/>\n10. After You 3:29<br \/>\n11. Fake That 5:34<\/p>\n","protected":false},"featured_media":60642,"template":"","meta":{"_acf_changed":false},"product_brand":[],"product_cat":[120,107],"product_tag":[],"class_list":{"0":"post-64652","1":"product","2":"type-product","3":"status-publish","4":"has-post-thumbnail","6":"product_cat-finnish","7":"product_cat-new","8":"pa_formaatti-lp-en","9":"pa_kaytetty-uusi-new","11":"first","12":"instock","13":"taxable","14":"shipping-taxable","15":"purchasable","16":"product-type-simple"},"acf":[],"_links":{"self":[{"href":"https:\/\/freshgarbage.fi\/en\/wp-json\/wp\/v2\/product\/64652","targetHints":{"allow":["GET"]}}],"collection":[{"href":"https:\/\/freshgarbage.fi\/en\/wp-json\/wp\/v2\/product"}],"about":[{"href":"https:\/\/freshgarbage.fi\/en\/wp-json\/wp\/v2\/types\/product"}],"wp:featuredmedia":[{"embeddable":true,"href":"https:\/\/freshgarbage.fi\/en\/wp-json\/wp\/v2\/media\/60642"}],"wp:attachment":[{"href":"https:\/\/freshgarbage.fi\/en\/wp-json\/wp\/v2\/media?parent=64652"}],"wp:term":[{"taxonomy":"product_brand","embeddable":true,"href":"https:\/\/freshgarbage.fi\/en\/wp-json\/wp\/v2\/product_brand?post=64652"},{"taxonomy":"product_cat","embeddable":true,"href":"https:\/\/freshgarbage.fi\/en\/wp-json\/wp\/v2\/product_cat?post=64652"},{"taxonomy":"product_tag","embeddable":true,"href":"https:\/\/freshgarbage.fi\/en\/wp-json\/wp\/v2\/product_tag?post=64652"}],"curies":[{"name":"wp","href":"https:\/\/api.w.org\/{rel}","templated":true}]}}