{"id":64635,"date":"2025-12-12T16:00:18","date_gmt":"2025-12-12T14:00:18","guid":{"rendered":"https:\/\/freshgarbage.fi\/tuote\/ursus-factory-itua\/"},"modified":"2026-01-31T13:53:37","modified_gmt":"2026-01-31T11:53:37","slug":"ursus-factory-itua","status":"publish","type":"product","link":"https:\/\/freshgarbage.fi\/en\/product\/ursus-factory-itua\/","title":{"rendered":"Ursus Factory \u2013 Itua"},"content":{"rendered":"","protected":false},"excerpt":{"rendered":"<p>Ursus Factoryn viides pitk\u00e4soitto Itua on musiikillisesti kiihkein ja sanoituksellisesti syvin kokonaisuus rakastetun duon tuotannossa. Action rock -legenda J\u00fcrgen Hendlmeierin tuottama albumi tarjoilee kymmenen isosti soivaa rockbiisi\u00e4 suoraviivaisesta kaahauksesta polveilevaan tunnelmointiin. Uskoa, kipua ja kasvamista pohtiva albumi sukeltaa syv\u00e4lle ihmisyyden ytimeen. Itua on suomalaisen rockin Uusi Testamentti.<\/p>\n<p>1. Kylm\u00e4 maa<br \/>\n2. Tahdotko kipua<br \/>\n3. Jumalan hiljaisuus<br \/>\n4. Oletko siell\u00e4<br \/>\n5. Kotelo<br \/>\n6. Never Give Up<br \/>\n7. Is\u00e4 meid\u00e4n<br \/>\n8. Laulujen aiheet<br \/>\n9. Hinta jonka maksan<br \/>\n10. Jos tahdot istuttaa puutarhan<\/p>\n","protected":false},"featured_media":60646,"template":"","meta":{"_acf_changed":false},"product_brand":[],"product_cat":[120,107],"product_tag":[],"class_list":{"0":"post-64635","1":"product","2":"type-product","3":"status-publish","4":"has-post-thumbnail","6":"product_cat-finnish","7":"product_cat-new","8":"pa_formaatti-lp-en","9":"pa_kaytetty-uusi-new","11":"first","12":"instock","13":"taxable","14":"shipping-taxable","15":"purchasable","16":"product-type-simple"},"acf":[],"_links":{"self":[{"href":"https:\/\/freshgarbage.fi\/en\/wp-json\/wp\/v2\/product\/64635","targetHints":{"allow":["GET"]}}],"collection":[{"href":"https:\/\/freshgarbage.fi\/en\/wp-json\/wp\/v2\/product"}],"about":[{"href":"https:\/\/freshgarbage.fi\/en\/wp-json\/wp\/v2\/types\/product"}],"wp:featuredmedia":[{"embeddable":true,"href":"https:\/\/freshgarbage.fi\/en\/wp-json\/wp\/v2\/media\/60646"}],"wp:attachment":[{"href":"https:\/\/freshgarbage.fi\/en\/wp-json\/wp\/v2\/media?parent=64635"}],"wp:term":[{"taxonomy":"product_brand","embeddable":true,"href":"https:\/\/freshgarbage.fi\/en\/wp-json\/wp\/v2\/product_brand?post=64635"},{"taxonomy":"product_cat","embeddable":true,"href":"https:\/\/freshgarbage.fi\/en\/wp-json\/wp\/v2\/product_cat?post=64635"},{"taxonomy":"product_tag","embeddable":true,"href":"https:\/\/freshgarbage.fi\/en\/wp-json\/wp\/v2\/product_tag?post=64635"}],"curies":[{"name":"wp","href":"https:\/\/api.w.org\/{rel}","templated":true}]}}