{"id":64629,"date":"2026-02-20T11:49:24","date_gmt":"2026-02-20T09:49:24","guid":{"rendered":"https:\/\/freshgarbage.fi\/tuote\/lynyrd-skynyrd-pronounced-leh-nerd-skin-nerd-3\/"},"modified":"2026-02-21T09:59:16","modified_gmt":"2026-02-21T07:59:16","slug":"lynyrd-skynyrd-pronounced-leh-nerd-skin-nerd-3","status":"publish","type":"product","link":"https:\/\/freshgarbage.fi\/en\/product\/lynyrd-skynyrd-pronounced-leh-nerd-skin-nerd-3\/","title":{"rendered":"Lynyrd Skynyrd \u2013 (Pronounced &#8216;L\u0115h-&#8216;n\u00e9rd &#8216;Skin-&#8216;n\u00e9rd)"},"content":{"rendered":"","protected":false},"excerpt":{"rendered":"<p>A1 I Aint the One 3:51<br \/>\nA2 Tuesday&#8217;s Gone 7:32<br \/>\nA3 Gimme Three Steps 4:30<br \/>\nA4 Simple Man 5:57<br \/>\nB1 Things Goin&#8217; On 4:57<br \/>\nB2 Mississippi Kid 3:57<br \/>\nB3 Poison Whiskey 3:11<br \/>\nB4 Free Bird 9:08<\/p>\n","protected":false},"featured_media":62042,"template":"","meta":{"_acf_changed":false},"product_brand":[],"product_cat":[107,116],"product_tag":[],"class_list":{"0":"post-64629","1":"product","2":"type-product","3":"status-publish","4":"has-post-thumbnail","6":"product_cat-new","7":"product_cat-rock-pop-en","8":"pa_formaatti-lp-en","9":"pa_kaytetty-uusi-new","11":"first","12":"instock","13":"shipping-taxable","14":"purchasable","15":"product-type-simple"},"acf":[],"_links":{"self":[{"href":"https:\/\/freshgarbage.fi\/en\/wp-json\/wp\/v2\/product\/64629","targetHints":{"allow":["GET"]}}],"collection":[{"href":"https:\/\/freshgarbage.fi\/en\/wp-json\/wp\/v2\/product"}],"about":[{"href":"https:\/\/freshgarbage.fi\/en\/wp-json\/wp\/v2\/types\/product"}],"wp:featuredmedia":[{"embeddable":true,"href":"https:\/\/freshgarbage.fi\/en\/wp-json\/wp\/v2\/media\/62042"}],"wp:attachment":[{"href":"https:\/\/freshgarbage.fi\/en\/wp-json\/wp\/v2\/media?parent=64629"}],"wp:term":[{"taxonomy":"product_brand","embeddable":true,"href":"https:\/\/freshgarbage.fi\/en\/wp-json\/wp\/v2\/product_brand?post=64629"},{"taxonomy":"product_cat","embeddable":true,"href":"https:\/\/freshgarbage.fi\/en\/wp-json\/wp\/v2\/product_cat?post=64629"},{"taxonomy":"product_tag","embeddable":true,"href":"https:\/\/freshgarbage.fi\/en\/wp-json\/wp\/v2\/product_tag?post=64629"}],"curies":[{"name":"wp","href":"https:\/\/api.w.org\/{rel}","templated":true}]}}