{"id":64580,"date":"2025-11-11T11:55:50","date_gmt":"2025-11-11T09:55:50","guid":{"rendered":"https:\/\/freshgarbage.fi\/tuote\/miriam-makeba-the-voice-of-africa\/"},"modified":"2025-11-11T11:55:50","modified_gmt":"2025-11-11T09:55:50","slug":"miriam-makeba-the-voice-of-africa","status":"publish","type":"product","link":"https:\/\/freshgarbage.fi\/en\/product\/miriam-makeba-the-voice-of-africa\/","title":{"rendered":"Miriam Makeba \u2013 The Voice Of Africa"},"content":{"rendered":"","protected":false},"excerpt":{"rendered":"<p>Alkuper\u00e4inen Saksa-painos (mono).<\/p>\n<p>Etukannessa pintarepe\u00e4m\u00e4. Lis\u00e4ksi kannessa kevytt\u00e4 kulumaa\/taitosta.<\/p>\n","protected":false},"featured_media":58972,"template":"","meta":{"_acf_changed":false},"product_brand":[],"product_cat":[137],"product_tag":[],"class_list":{"0":"post-64580","1":"product","2":"type-product","3":"status-publish","4":"has-post-thumbnail","6":"product_cat-world-music-traditional-ethnic-en","7":"pa_formaatti-lp-en","8":"pa_kaytetty-uusi-2nd-hand","10":"first","11":"instock","12":"shipping-taxable","13":"purchasable","14":"product-type-simple"},"acf":[],"_links":{"self":[{"href":"https:\/\/freshgarbage.fi\/en\/wp-json\/wp\/v2\/product\/64580","targetHints":{"allow":["GET"]}}],"collection":[{"href":"https:\/\/freshgarbage.fi\/en\/wp-json\/wp\/v2\/product"}],"about":[{"href":"https:\/\/freshgarbage.fi\/en\/wp-json\/wp\/v2\/types\/product"}],"wp:featuredmedia":[{"embeddable":true,"href":"https:\/\/freshgarbage.fi\/en\/wp-json\/wp\/v2\/media\/58972"}],"wp:attachment":[{"href":"https:\/\/freshgarbage.fi\/en\/wp-json\/wp\/v2\/media?parent=64580"}],"wp:term":[{"taxonomy":"product_brand","embeddable":true,"href":"https:\/\/freshgarbage.fi\/en\/wp-json\/wp\/v2\/product_brand?post=64580"},{"taxonomy":"product_cat","embeddable":true,"href":"https:\/\/freshgarbage.fi\/en\/wp-json\/wp\/v2\/product_cat?post=64580"},{"taxonomy":"product_tag","embeddable":true,"href":"https:\/\/freshgarbage.fi\/en\/wp-json\/wp\/v2\/product_tag?post=64580"}],"curies":[{"name":"wp","href":"https:\/\/api.w.org\/{rel}","templated":true}]}}