{"id":64569,"date":"2025-11-17T11:55:57","date_gmt":"2025-11-17T09:55:57","guid":{"rendered":"https:\/\/freshgarbage.fi\/tuote\/hasse-walli-sounds-afro\/"},"modified":"2025-11-17T11:55:57","modified_gmt":"2025-11-17T09:55:57","slug":"hasse-walli-sounds-afro","status":"publish","type":"product","link":"https:\/\/freshgarbage.fi\/en\/product\/hasse-walli-sounds-afro\/","title":{"rendered":"Hasse Walli \u2013 Sounds Afro!"},"content":{"rendered":"","protected":false},"excerpt":{"rendered":"<p>Alkuper\u00e4inen painos. Pieni tarra takakannessa. Hieman kevytt\u00e4 j\u00e4lke\u00e4\/hankaumaa, soi hienosti.<\/p>\n","protected":false},"featured_media":59469,"template":"","meta":{"_acf_changed":false},"product_brand":[],"product_cat":[120,137],"product_tag":[],"class_list":{"0":"post-64569","1":"product","2":"type-product","3":"status-publish","4":"has-post-thumbnail","6":"product_cat-finnish","7":"product_cat-world-music-traditional-ethnic-en","8":"pa_formaatti-lp-en","9":"pa_kaytetty-uusi-2nd-hand","11":"first","12":"instock","13":"shipping-taxable","14":"purchasable","15":"product-type-simple"},"acf":[],"_links":{"self":[{"href":"https:\/\/freshgarbage.fi\/en\/wp-json\/wp\/v2\/product\/64569","targetHints":{"allow":["GET"]}}],"collection":[{"href":"https:\/\/freshgarbage.fi\/en\/wp-json\/wp\/v2\/product"}],"about":[{"href":"https:\/\/freshgarbage.fi\/en\/wp-json\/wp\/v2\/types\/product"}],"wp:featuredmedia":[{"embeddable":true,"href":"https:\/\/freshgarbage.fi\/en\/wp-json\/wp\/v2\/media\/59469"}],"wp:attachment":[{"href":"https:\/\/freshgarbage.fi\/en\/wp-json\/wp\/v2\/media?parent=64569"}],"wp:term":[{"taxonomy":"product_brand","embeddable":true,"href":"https:\/\/freshgarbage.fi\/en\/wp-json\/wp\/v2\/product_brand?post=64569"},{"taxonomy":"product_cat","embeddable":true,"href":"https:\/\/freshgarbage.fi\/en\/wp-json\/wp\/v2\/product_cat?post=64569"},{"taxonomy":"product_tag","embeddable":true,"href":"https:\/\/freshgarbage.fi\/en\/wp-json\/wp\/v2\/product_tag?post=64569"}],"curies":[{"name":"wp","href":"https:\/\/api.w.org\/{rel}","templated":true}]}}