{"id":64564,"date":"2025-11-25T11:44:55","date_gmt":"2025-11-25T09:44:55","guid":{"rendered":"https:\/\/freshgarbage.fi\/tuote\/ian-dury-the-blockheads-do-it-yourself\/"},"modified":"2025-11-25T11:44:55","modified_gmt":"2025-11-25T09:44:55","slug":"ian-dury-the-blockheads-do-it-yourself","status":"publish","type":"product","link":"https:\/\/freshgarbage.fi\/en\/product\/ian-dury-the-blockheads-do-it-yourself\/","title":{"rendered":"Ian Dury &#038; The Blockheads \u2013 Do It Yourself"},"content":{"rendered":"","protected":false},"excerpt":{"rendered":"<p>Alkuper\u00e4inen UK-painos. Kevytt\u00e4 j\u00e4lke\u00e4. Soi hyvin, pient\u00e4 satunnaista taustaripsett\u00e4.<\/p>\n","protected":false},"featured_media":59812,"template":"","meta":{"_acf_changed":false},"product_brand":[],"product_cat":[117],"product_tag":[],"class_list":{"0":"post-64564","1":"product","2":"type-product","3":"status-publish","4":"has-post-thumbnail","6":"product_cat-new-wave-goth-rock-synth-pop-post-punk-en","7":"pa_formaatti-lp-en","8":"pa_kaytetty-uusi-2nd-hand","10":"first","11":"instock","12":"shipping-taxable","13":"purchasable","14":"product-type-simple"},"acf":[],"_links":{"self":[{"href":"https:\/\/freshgarbage.fi\/en\/wp-json\/wp\/v2\/product\/64564","targetHints":{"allow":["GET"]}}],"collection":[{"href":"https:\/\/freshgarbage.fi\/en\/wp-json\/wp\/v2\/product"}],"about":[{"href":"https:\/\/freshgarbage.fi\/en\/wp-json\/wp\/v2\/types\/product"}],"wp:featuredmedia":[{"embeddable":true,"href":"https:\/\/freshgarbage.fi\/en\/wp-json\/wp\/v2\/media\/59812"}],"wp:attachment":[{"href":"https:\/\/freshgarbage.fi\/en\/wp-json\/wp\/v2\/media?parent=64564"}],"wp:term":[{"taxonomy":"product_brand","embeddable":true,"href":"https:\/\/freshgarbage.fi\/en\/wp-json\/wp\/v2\/product_brand?post=64564"},{"taxonomy":"product_cat","embeddable":true,"href":"https:\/\/freshgarbage.fi\/en\/wp-json\/wp\/v2\/product_cat?post=64564"},{"taxonomy":"product_tag","embeddable":true,"href":"https:\/\/freshgarbage.fi\/en\/wp-json\/wp\/v2\/product_tag?post=64564"}],"curies":[{"name":"wp","href":"https:\/\/api.w.org\/{rel}","templated":true}]}}