{"id":64540,"date":"2025-12-12T11:46:26","date_gmt":"2025-12-12T09:46:26","guid":{"rendered":"https:\/\/freshgarbage.fi\/tuote\/ola-balogun-ajani-ogun\/"},"modified":"2025-12-12T11:46:26","modified_gmt":"2025-12-12T09:46:26","slug":"ola-balogun-ajani-ogun","status":"publish","type":"product","link":"https:\/\/freshgarbage.fi\/en\/product\/ola-balogun-ajani-ogun\/","title":{"rendered":"\u1eccla Balogun \u2013 Ajani Ogun"},"content":{"rendered":"","protected":false},"excerpt":{"rendered":"<p>Alkuper\u00e4inen Nigeria-painos. Afrikkalaisille levyille tyyppillisesti kunto heikohko.<\/p>\n<p>Kannen reunoissa teippi\u00e4, nuhruisuutta reilusti, pari kuulakyn\u00e4 merkint\u00e4\u00e4. Levyss\u00e4 paljon j\u00e4lke\u00e4, soi kevyell\u00e4 taustarahinalla.<\/p>\n","protected":false},"featured_media":61625,"template":"","meta":{"_acf_changed":false},"product_brand":[],"product_cat":[133,137],"product_tag":[],"class_list":{"0":"post-64540","1":"product","2":"type-product","3":"status-publish","4":"has-post-thumbnail","6":"product_cat-soundtracks-en","7":"product_cat-world-music-traditional-ethnic-en","8":"pa_formaatti-lp-en","9":"pa_kaytetty-uusi-2nd-hand","11":"first","12":"instock","13":"shipping-taxable","14":"purchasable","15":"product-type-simple"},"acf":[],"_links":{"self":[{"href":"https:\/\/freshgarbage.fi\/en\/wp-json\/wp\/v2\/product\/64540","targetHints":{"allow":["GET"]}}],"collection":[{"href":"https:\/\/freshgarbage.fi\/en\/wp-json\/wp\/v2\/product"}],"about":[{"href":"https:\/\/freshgarbage.fi\/en\/wp-json\/wp\/v2\/types\/product"}],"wp:featuredmedia":[{"embeddable":true,"href":"https:\/\/freshgarbage.fi\/en\/wp-json\/wp\/v2\/media\/61625"}],"wp:attachment":[{"href":"https:\/\/freshgarbage.fi\/en\/wp-json\/wp\/v2\/media?parent=64540"}],"wp:term":[{"taxonomy":"product_brand","embeddable":true,"href":"https:\/\/freshgarbage.fi\/en\/wp-json\/wp\/v2\/product_brand?post=64540"},{"taxonomy":"product_cat","embeddable":true,"href":"https:\/\/freshgarbage.fi\/en\/wp-json\/wp\/v2\/product_cat?post=64540"},{"taxonomy":"product_tag","embeddable":true,"href":"https:\/\/freshgarbage.fi\/en\/wp-json\/wp\/v2\/product_tag?post=64540"}],"curies":[{"name":"wp","href":"https:\/\/api.w.org\/{rel}","templated":true}]}}