{"id":64512,"date":"2025-12-08T11:45:45","date_gmt":"2025-12-08T09:45:45","guid":{"rendered":"https:\/\/freshgarbage.fi\/tuote\/daf-voulez-vous-coucher-avec-moi-ce-soir-maxi\/"},"modified":"2026-03-12T14:47:23","modified_gmt":"2026-03-12T12:47:23","slug":"daf-voulez-vous-coucher-avec-moi-ce-soir-maxi","status":"publish","type":"product","link":"https:\/\/freshgarbage.fi\/en\/product\/daf-voulez-vous-coucher-avec-moi-ce-soir-maxi\/","title":{"rendered":"DAF \u2013 Voulez Vous Coucher Avec Moi Ce Soir MAXI"},"content":{"rendered":"","protected":false},"excerpt":{"rendered":"<p>Jonkin verran kevytt\u00e4 j\u00e4lke\u00e4, soi hyvin.<\/p>\n<p>A Voulez Vous Coucher Avec Moi (Sex-Mix \/ Part I) 6:38<br \/>\nB Voulez Vous Coucher Avec Moi (Sin-Mix \/ Part I) 5:14<\/p>\n","protected":false},"featured_media":61012,"template":"","meta":{"_acf_changed":false},"product_brand":[],"product_cat":[117],"product_tag":[],"class_list":{"0":"post-64512","1":"product","2":"type-product","3":"status-publish","4":"has-post-thumbnail","6":"product_cat-new-wave-goth-rock-synth-pop-post-punk-en","7":"pa_formaatti-12-en","8":"pa_kaytetty-uusi-2nd-hand","10":"first","11":"outofstock","12":"shipping-taxable","13":"purchasable","14":"product-type-simple"},"acf":[],"_links":{"self":[{"href":"https:\/\/freshgarbage.fi\/en\/wp-json\/wp\/v2\/product\/64512","targetHints":{"allow":["GET"]}}],"collection":[{"href":"https:\/\/freshgarbage.fi\/en\/wp-json\/wp\/v2\/product"}],"about":[{"href":"https:\/\/freshgarbage.fi\/en\/wp-json\/wp\/v2\/types\/product"}],"wp:featuredmedia":[{"embeddable":true,"href":"https:\/\/freshgarbage.fi\/en\/wp-json\/wp\/v2\/media\/61012"}],"wp:attachment":[{"href":"https:\/\/freshgarbage.fi\/en\/wp-json\/wp\/v2\/media?parent=64512"}],"wp:term":[{"taxonomy":"product_brand","embeddable":true,"href":"https:\/\/freshgarbage.fi\/en\/wp-json\/wp\/v2\/product_brand?post=64512"},{"taxonomy":"product_cat","embeddable":true,"href":"https:\/\/freshgarbage.fi\/en\/wp-json\/wp\/v2\/product_cat?post=64512"},{"taxonomy":"product_tag","embeddable":true,"href":"https:\/\/freshgarbage.fi\/en\/wp-json\/wp\/v2\/product_tag?post=64512"}],"curies":[{"name":"wp","href":"https:\/\/api.w.org\/{rel}","templated":true}]}}