{"id":64508,"date":"2025-12-10T17:25:06","date_gmt":"2025-12-10T15:25:06","guid":{"rendered":"https:\/\/freshgarbage.fi\/tuote\/gavin-friday-the-man-seezer-each-man-kills-the-thing-he-loves\/"},"modified":"2025-12-10T17:25:06","modified_gmt":"2025-12-10T15:25:06","slug":"gavin-friday-the-man-seezer-each-man-kills-the-thing-he-loves","status":"publish","type":"product","link":"https:\/\/freshgarbage.fi\/en\/product\/gavin-friday-the-man-seezer-each-man-kills-the-thing-he-loves\/","title":{"rendered":"Gavin Friday &#038; The Man Seezer \u2013 Each Man Kills The Thing He Loves"},"content":{"rendered":"","protected":false},"excerpt":{"rendered":"<p>Alkuper\u00e4inen UK-painos.<\/p>\n<p>Jonkin verran j\u00e4lke\u00e4 levyss\u00e4. Parissa kohtaa hieman taustarahinaa, p\u00e4\u00e4osin soi hyvin.<\/p>\n","protected":false},"featured_media":61328,"template":"","meta":{"_acf_changed":false},"product_brand":[],"product_cat":[117],"product_tag":[],"class_list":{"0":"post-64508","1":"product","2":"type-product","3":"status-publish","4":"has-post-thumbnail","6":"product_cat-new-wave-goth-rock-synth-pop-post-punk-en","7":"pa_formaatti-lp-en","8":"pa_kaytetty-uusi-2nd-hand","10":"first","11":"instock","12":"shipping-taxable","13":"purchasable","14":"product-type-simple"},"acf":[],"_links":{"self":[{"href":"https:\/\/freshgarbage.fi\/en\/wp-json\/wp\/v2\/product\/64508","targetHints":{"allow":["GET"]}}],"collection":[{"href":"https:\/\/freshgarbage.fi\/en\/wp-json\/wp\/v2\/product"}],"about":[{"href":"https:\/\/freshgarbage.fi\/en\/wp-json\/wp\/v2\/types\/product"}],"wp:featuredmedia":[{"embeddable":true,"href":"https:\/\/freshgarbage.fi\/en\/wp-json\/wp\/v2\/media\/61328"}],"wp:attachment":[{"href":"https:\/\/freshgarbage.fi\/en\/wp-json\/wp\/v2\/media?parent=64508"}],"wp:term":[{"taxonomy":"product_brand","embeddable":true,"href":"https:\/\/freshgarbage.fi\/en\/wp-json\/wp\/v2\/product_brand?post=64508"},{"taxonomy":"product_cat","embeddable":true,"href":"https:\/\/freshgarbage.fi\/en\/wp-json\/wp\/v2\/product_cat?post=64508"},{"taxonomy":"product_tag","embeddable":true,"href":"https:\/\/freshgarbage.fi\/en\/wp-json\/wp\/v2\/product_tag?post=64508"}],"curies":[{"name":"wp","href":"https:\/\/api.w.org\/{rel}","templated":true}]}}