{"id":64448,"date":"2025-12-04T11:45:35","date_gmt":"2025-12-04T09:45:35","guid":{"rendered":"https:\/\/freshgarbage.fi\/tuote\/kollaa-kestaa-jaahyvaiset-aseille\/"},"modified":"2026-02-03T07:58:19","modified_gmt":"2026-02-03T05:58:19","slug":"kollaa-kestaa-jaahyvaiset-aseille","status":"publish","type":"product","link":"https:\/\/freshgarbage.fi\/en\/product\/kollaa-kestaa-jaahyvaiset-aseille\/","title":{"rendered":"Kollaa Kest\u00e4\u00e4 \u2013 J\u00e4\u00e4hyv\u00e4iset Aseille"},"content":{"rendered":"","protected":false},"excerpt":{"rendered":"<p>Alkuper\u00e4inen painos. Kansi muuten varsin siisti, mutta reunoissa ollut teippaus, josta kevyt liimaj\u00e4lki erottuu. Liite mukana.<\/p>\n","protected":false},"featured_media":60761,"template":"","meta":{"_acf_changed":false},"product_brand":[],"product_cat":[120,114],"product_tag":[],"class_list":{"0":"post-64448","1":"product","2":"type-product","3":"status-publish","4":"has-post-thumbnail","6":"product_cat-finnish","7":"product_cat-punk-hardcore-psychobilly-en","8":"pa_formaatti-lp-en","9":"pa_kaytetty-uusi-2nd-hand","11":"first","12":"outofstock","13":"shipping-taxable","14":"purchasable","15":"product-type-simple"},"acf":[],"_links":{"self":[{"href":"https:\/\/freshgarbage.fi\/en\/wp-json\/wp\/v2\/product\/64448","targetHints":{"allow":["GET"]}}],"collection":[{"href":"https:\/\/freshgarbage.fi\/en\/wp-json\/wp\/v2\/product"}],"about":[{"href":"https:\/\/freshgarbage.fi\/en\/wp-json\/wp\/v2\/types\/product"}],"wp:featuredmedia":[{"embeddable":true,"href":"https:\/\/freshgarbage.fi\/en\/wp-json\/wp\/v2\/media\/60761"}],"wp:attachment":[{"href":"https:\/\/freshgarbage.fi\/en\/wp-json\/wp\/v2\/media?parent=64448"}],"wp:term":[{"taxonomy":"product_brand","embeddable":true,"href":"https:\/\/freshgarbage.fi\/en\/wp-json\/wp\/v2\/product_brand?post=64448"},{"taxonomy":"product_cat","embeddable":true,"href":"https:\/\/freshgarbage.fi\/en\/wp-json\/wp\/v2\/product_cat?post=64448"},{"taxonomy":"product_tag","embeddable":true,"href":"https:\/\/freshgarbage.fi\/en\/wp-json\/wp\/v2\/product_tag?post=64448"}],"curies":[{"name":"wp","href":"https:\/\/api.w.org\/{rel}","templated":true}]}}