{"id":64433,"date":"2025-11-13T11:45:04","date_gmt":"2025-11-13T09:45:04","guid":{"rendered":"https:\/\/freshgarbage.fi\/tuote\/tasavallan-presidentti-classics-the-rarest\/"},"modified":"2025-11-13T11:45:04","modified_gmt":"2025-11-13T09:45:04","slug":"tasavallan-presidentti-classics-the-rarest","status":"publish","type":"product","link":"https:\/\/freshgarbage.fi\/en\/product\/tasavallan-presidentti-classics-the-rarest\/","title":{"rendered":"Tasavallan Presidentti \u2013 Classics &#8211; The Rarest"},"content":{"rendered":"","protected":false},"excerpt":{"rendered":"<p>2LP.<\/p>\n<p>A1 Obsolete Machine 4:01<br \/>\nA2 Roll Over Yourself<br \/>\nA3 Thinking Back<br \/>\nA4 Celebration Of The Saved Nine 3:40<br \/>\nA5 Sis\u00e4lt\u00e4ni Portin L\u00f6ysin 3:55<br \/>\nA6 Selv\u00e4nn\u00e4kij\u00e4 4:05<br \/>\nB1 Caught From The Air 11:23<br \/>\nB2 Milky Way Moses 8:13<br \/>\nB3 Crazy Thing N:o 1 0:45<\/p>\n<p>C1 Lambert Land 6:59<br \/>\nC2 Introduction\/You&#8217;ll Be Back For More 6:19<br \/>\nC3 The Bargain 7:27<br \/>\nD1 Piece Of Mind 4:05<br \/>\nD2 Confusing The Issue 5:43<br \/>\nD3 How To Start A Day 11:00<\/p>\n","protected":false},"featured_media":59181,"template":"","meta":{"_acf_changed":false},"product_brand":[],"product_cat":[120,113],"product_tag":[],"class_list":{"0":"post-64433","1":"product","2":"type-product","3":"status-publish","4":"has-post-thumbnail","6":"product_cat-finnish","7":"product_cat-progressive-rock-krautrock-en","8":"pa_formaatti-lp-en","9":"pa_kaytetty-uusi-2nd-hand","11":"first","12":"outofstock","13":"shipping-taxable","14":"purchasable","15":"product-type-simple"},"acf":[],"_links":{"self":[{"href":"https:\/\/freshgarbage.fi\/en\/wp-json\/wp\/v2\/product\/64433","targetHints":{"allow":["GET"]}}],"collection":[{"href":"https:\/\/freshgarbage.fi\/en\/wp-json\/wp\/v2\/product"}],"about":[{"href":"https:\/\/freshgarbage.fi\/en\/wp-json\/wp\/v2\/types\/product"}],"wp:featuredmedia":[{"embeddable":true,"href":"https:\/\/freshgarbage.fi\/en\/wp-json\/wp\/v2\/media\/59181"}],"wp:attachment":[{"href":"https:\/\/freshgarbage.fi\/en\/wp-json\/wp\/v2\/media?parent=64433"}],"wp:term":[{"taxonomy":"product_brand","embeddable":true,"href":"https:\/\/freshgarbage.fi\/en\/wp-json\/wp\/v2\/product_brand?post=64433"},{"taxonomy":"product_cat","embeddable":true,"href":"https:\/\/freshgarbage.fi\/en\/wp-json\/wp\/v2\/product_cat?post=64433"},{"taxonomy":"product_tag","embeddable":true,"href":"https:\/\/freshgarbage.fi\/en\/wp-json\/wp\/v2\/product_tag?post=64433"}],"curies":[{"name":"wp","href":"https:\/\/api.w.org\/{rel}","templated":true}]}}