{"id":64407,"date":"2025-11-27T12:59:49","date_gmt":"2025-11-27T10:59:49","guid":{"rendered":"https:\/\/freshgarbage.fi\/tuote\/jethro-tull-living-in-the-past\/"},"modified":"2025-11-27T12:59:49","modified_gmt":"2025-11-27T10:59:49","slug":"jethro-tull-living-in-the-past","status":"publish","type":"product","link":"https:\/\/freshgarbage.fi\/en\/product\/jethro-tull-living-in-the-past\/","title":{"rendered":"Jethro Tull \u2013 Living In The Past"},"content":{"rendered":"","protected":false},"excerpt":{"rendered":"<p>2LP. Alkuper\u00e4inen Saksa-painos.<\/p>\n<p>&#8220;Kirjamaiset&#8221; kannet, jossa lehdykk\u00e4 edelleen kiinni nidottuna kansien v\u00e4liss\u00e4. Etukannen suuaukon molemmilla puolilla pieni repe\u00e4m\u00e4. Lis\u00e4ksi kansissa t\u00e4lle versiolle tyypillist\u00e4 pintakulumaa.<\/p>\n<p>A1 Song For Jeffrey<br \/>\nA2 Love Story<br \/>\nA3 Christmas Song<br \/>\nA4 Living In The Past<br \/>\nA5 Driving Song<br \/>\nA6 Bour\u00e9e<br \/>\nB1 Sweet Dream<br \/>\nB2 Singing All Day<br \/>\nB3 Teacher<br \/>\nB4 Witches Promise<br \/>\nB5 Inside<br \/>\nB6 Just Trying To Be<\/p>\n<p><strong>Recorded Live At Carnegie Hall<\/strong><br \/>\nC1 By Kind Permission Of<br \/>\nC2 Dharma For One<br \/>\nD1 Wond&#8217;ring Again<br \/>\nD2 Locomotive Breath<br \/>\nD3 Life Is A Long Song<br \/>\nD4 Up The &#8216;Pool<br \/>\nD5 Dr. Bogenbroom<br \/>\nD6 From Later<br \/>\nD7 Nursie<\/p>\n","protected":false},"featured_media":60296,"template":"","meta":{"_acf_changed":false},"product_brand":[],"product_cat":[113],"product_tag":[],"class_list":{"0":"post-64407","1":"product","2":"type-product","3":"status-publish","4":"has-post-thumbnail","6":"product_cat-progressive-rock-krautrock-en","7":"pa_formaatti-lp-en","8":"pa_kaytetty-uusi-2nd-hand","10":"first","11":"outofstock","12":"shipping-taxable","13":"purchasable","14":"product-type-simple"},"acf":[],"_links":{"self":[{"href":"https:\/\/freshgarbage.fi\/en\/wp-json\/wp\/v2\/product\/64407","targetHints":{"allow":["GET"]}}],"collection":[{"href":"https:\/\/freshgarbage.fi\/en\/wp-json\/wp\/v2\/product"}],"about":[{"href":"https:\/\/freshgarbage.fi\/en\/wp-json\/wp\/v2\/types\/product"}],"wp:featuredmedia":[{"embeddable":true,"href":"https:\/\/freshgarbage.fi\/en\/wp-json\/wp\/v2\/media\/60296"}],"wp:attachment":[{"href":"https:\/\/freshgarbage.fi\/en\/wp-json\/wp\/v2\/media?parent=64407"}],"wp:term":[{"taxonomy":"product_brand","embeddable":true,"href":"https:\/\/freshgarbage.fi\/en\/wp-json\/wp\/v2\/product_brand?post=64407"},{"taxonomy":"product_cat","embeddable":true,"href":"https:\/\/freshgarbage.fi\/en\/wp-json\/wp\/v2\/product_cat?post=64407"},{"taxonomy":"product_tag","embeddable":true,"href":"https:\/\/freshgarbage.fi\/en\/wp-json\/wp\/v2\/product_tag?post=64407"}],"curies":[{"name":"wp","href":"https:\/\/api.w.org\/{rel}","templated":true}]}}