{"id":64379,"date":"2025-09-11T11:45:58","date_gmt":"2025-09-11T08:45:58","guid":{"rendered":"https:\/\/freshgarbage.fi\/tuote\/unseen-terror-human-error\/"},"modified":"2025-09-11T11:45:58","modified_gmt":"2025-09-11T08:45:58","slug":"unseen-terror-human-error","status":"publish","type":"product","link":"https:\/\/freshgarbage.fi\/en\/product\/unseen-terror-human-error\/","title":{"rendered":"Unseen Terror \u2013 Human Error"},"content":{"rendered":"","protected":false},"excerpt":{"rendered":"<p>Alkuper\u00e4inen UK-painos. Liite tallessa.<\/p>\n<p>Levyss\u00e4 hieman pintaj\u00e4lke\u00e4. Puolien alussa ja kappaleiden v\u00e4liss\u00e4 havaittavissa kevytt\u00e4 rahinaa, mutta muuten soi t\u00e4ysin ongelmitta.<\/p>\n","protected":false},"featured_media":54413,"template":"","meta":{"_acf_changed":false},"product_brand":[],"product_cat":[118],"product_tag":[],"class_list":{"0":"post-64379","1":"product","2":"type-product","3":"status-publish","4":"has-post-thumbnail","6":"product_cat-metal-en","7":"pa_formaatti-lp-en","8":"pa_kaytetty-uusi-2nd-hand","10":"first","11":"instock","12":"shipping-taxable","13":"purchasable","14":"product-type-simple"},"acf":[],"_links":{"self":[{"href":"https:\/\/freshgarbage.fi\/en\/wp-json\/wp\/v2\/product\/64379","targetHints":{"allow":["GET"]}}],"collection":[{"href":"https:\/\/freshgarbage.fi\/en\/wp-json\/wp\/v2\/product"}],"about":[{"href":"https:\/\/freshgarbage.fi\/en\/wp-json\/wp\/v2\/types\/product"}],"wp:featuredmedia":[{"embeddable":true,"href":"https:\/\/freshgarbage.fi\/en\/wp-json\/wp\/v2\/media\/54413"}],"wp:attachment":[{"href":"https:\/\/freshgarbage.fi\/en\/wp-json\/wp\/v2\/media?parent=64379"}],"wp:term":[{"taxonomy":"product_brand","embeddable":true,"href":"https:\/\/freshgarbage.fi\/en\/wp-json\/wp\/v2\/product_brand?post=64379"},{"taxonomy":"product_cat","embeddable":true,"href":"https:\/\/freshgarbage.fi\/en\/wp-json\/wp\/v2\/product_cat?post=64379"},{"taxonomy":"product_tag","embeddable":true,"href":"https:\/\/freshgarbage.fi\/en\/wp-json\/wp\/v2\/product_tag?post=64379"}],"curies":[{"name":"wp","href":"https:\/\/api.w.org\/{rel}","templated":true}]}}