{"id":64363,"date":"2025-10-07T11:55:31","date_gmt":"2025-10-07T08:55:31","guid":{"rendered":"https:\/\/freshgarbage.fi\/tuote\/suicidal-tendencies-lights-camera-revolution-2\/"},"modified":"2025-10-07T11:55:31","modified_gmt":"2025-10-07T08:55:31","slug":"suicidal-tendencies-lights-camera-revolution-2","status":"publish","type":"product","link":"https:\/\/freshgarbage.fi\/en\/product\/suicidal-tendencies-lights-camera-revolution-2\/","title":{"rendered":"Suicidal Tendencies \u2013 Lights&#8230; Camera&#8230; Revolution"},"content":{"rendered":"","protected":false},"excerpt":{"rendered":"<p>Alkuper\u00e4inen Eurooppa-painos. Kevytt\u00e4 j\u00e4lke\u00e4, soi hyvin. Jossain introissa\/kappalev\u00e4leiss\u00e4 voi pient\u00e4 taustaripsett\u00e4 kuulua.<\/p>\n","protected":false},"featured_media":56411,"template":"","meta":{"_acf_changed":false},"product_brand":[],"product_cat":[118],"product_tag":[],"class_list":{"0":"post-64363","1":"product","2":"type-product","3":"status-publish","4":"has-post-thumbnail","6":"product_cat-metal-en","7":"pa_formaatti-lp-en","8":"pa_kaytetty-uusi-2nd-hand","10":"first","11":"instock","12":"shipping-taxable","13":"purchasable","14":"product-type-simple"},"acf":[],"_links":{"self":[{"href":"https:\/\/freshgarbage.fi\/en\/wp-json\/wp\/v2\/product\/64363","targetHints":{"allow":["GET"]}}],"collection":[{"href":"https:\/\/freshgarbage.fi\/en\/wp-json\/wp\/v2\/product"}],"about":[{"href":"https:\/\/freshgarbage.fi\/en\/wp-json\/wp\/v2\/types\/product"}],"wp:featuredmedia":[{"embeddable":true,"href":"https:\/\/freshgarbage.fi\/en\/wp-json\/wp\/v2\/media\/56411"}],"wp:attachment":[{"href":"https:\/\/freshgarbage.fi\/en\/wp-json\/wp\/v2\/media?parent=64363"}],"wp:term":[{"taxonomy":"product_brand","embeddable":true,"href":"https:\/\/freshgarbage.fi\/en\/wp-json\/wp\/v2\/product_brand?post=64363"},{"taxonomy":"product_cat","embeddable":true,"href":"https:\/\/freshgarbage.fi\/en\/wp-json\/wp\/v2\/product_cat?post=64363"},{"taxonomy":"product_tag","embeddable":true,"href":"https:\/\/freshgarbage.fi\/en\/wp-json\/wp\/v2\/product_tag?post=64363"}],"curies":[{"name":"wp","href":"https:\/\/api.w.org\/{rel}","templated":true}]}}