{"id":64349,"date":"2025-12-11T17:25:05","date_gmt":"2025-12-11T15:25:05","guid":{"rendered":"https:\/\/freshgarbage.fi\/tuote\/hardcake-special-hardcake-special\/"},"modified":"2025-12-11T17:25:05","modified_gmt":"2025-12-11T15:25:05","slug":"hardcake-special-hardcake-special","status":"publish","type":"product","link":"https:\/\/freshgarbage.fi\/en\/product\/hardcake-special-hardcake-special\/","title":{"rendered":"Hardcake Special \u2013 Hardcake Special"},"content":{"rendered":"","protected":false},"excerpt":{"rendered":"<p>Alkuper\u00e4inen Saksa-painos vihre\u00e4ll\u00e4 Brain-etiketill\u00e4.<\/p>\n","protected":false},"featured_media":61356,"template":"","meta":{"_acf_changed":false},"product_brand":[],"product_cat":[113,116],"product_tag":[],"class_list":{"0":"post-64349","1":"product","2":"type-product","3":"status-publish","4":"has-post-thumbnail","6":"product_cat-progressive-rock-krautrock-en","7":"product_cat-rock-pop-en","8":"pa_formaatti-lp-en","9":"pa_kaytetty-uusi-2nd-hand","11":"first","12":"instock","13":"shipping-taxable","14":"purchasable","15":"product-type-simple"},"acf":[],"_links":{"self":[{"href":"https:\/\/freshgarbage.fi\/en\/wp-json\/wp\/v2\/product\/64349","targetHints":{"allow":["GET"]}}],"collection":[{"href":"https:\/\/freshgarbage.fi\/en\/wp-json\/wp\/v2\/product"}],"about":[{"href":"https:\/\/freshgarbage.fi\/en\/wp-json\/wp\/v2\/types\/product"}],"wp:featuredmedia":[{"embeddable":true,"href":"https:\/\/freshgarbage.fi\/en\/wp-json\/wp\/v2\/media\/61356"}],"wp:attachment":[{"href":"https:\/\/freshgarbage.fi\/en\/wp-json\/wp\/v2\/media?parent=64349"}],"wp:term":[{"taxonomy":"product_brand","embeddable":true,"href":"https:\/\/freshgarbage.fi\/en\/wp-json\/wp\/v2\/product_brand?post=64349"},{"taxonomy":"product_cat","embeddable":true,"href":"https:\/\/freshgarbage.fi\/en\/wp-json\/wp\/v2\/product_cat?post=64349"},{"taxonomy":"product_tag","embeddable":true,"href":"https:\/\/freshgarbage.fi\/en\/wp-json\/wp\/v2\/product_tag?post=64349"}],"curies":[{"name":"wp","href":"https:\/\/api.w.org\/{rel}","templated":true}]}}