{"id":64327,"date":"2025-12-11T17:25:34","date_gmt":"2025-12-11T15:25:34","guid":{"rendered":"https:\/\/freshgarbage.fi\/tuote\/richard-wright-wet-dream\/"},"modified":"2025-12-11T17:25:34","modified_gmt":"2025-12-11T15:25:34","slug":"richard-wright-wet-dream","status":"publish","type":"product","link":"https:\/\/freshgarbage.fi\/en\/product\/richard-wright-wet-dream\/","title":{"rendered":"Richard Wright \u2013 Wet Dream"},"content":{"rendered":"","protected":false},"excerpt":{"rendered":"<p>Alkuper\u00e4inen Ruotsi-painos.<\/p>\n<p>Kansissa hieman reunakulumaa ja ringwearia. B1:ss\u00e4 pieni j\u00e4lki, josta muutama kevyt napsu. Hieman vaimeaa tausta\u00e4\u00e4nt\u00e4 joissain hiljaisemmissa kohdissa.<\/p>\n","protected":false},"featured_media":61358,"template":"","meta":{"_acf_changed":false},"product_brand":[],"product_cat":[113],"product_tag":[],"class_list":{"0":"post-64327","1":"product","2":"type-product","3":"status-publish","4":"has-post-thumbnail","6":"product_cat-progressive-rock-krautrock-en","7":"pa_formaatti-lp-en","8":"pa_kaytetty-uusi-2nd-hand","10":"first","11":"instock","12":"shipping-taxable","13":"purchasable","14":"product-type-simple"},"acf":[],"_links":{"self":[{"href":"https:\/\/freshgarbage.fi\/en\/wp-json\/wp\/v2\/product\/64327","targetHints":{"allow":["GET"]}}],"collection":[{"href":"https:\/\/freshgarbage.fi\/en\/wp-json\/wp\/v2\/product"}],"about":[{"href":"https:\/\/freshgarbage.fi\/en\/wp-json\/wp\/v2\/types\/product"}],"wp:featuredmedia":[{"embeddable":true,"href":"https:\/\/freshgarbage.fi\/en\/wp-json\/wp\/v2\/media\/61358"}],"wp:attachment":[{"href":"https:\/\/freshgarbage.fi\/en\/wp-json\/wp\/v2\/media?parent=64327"}],"wp:term":[{"taxonomy":"product_brand","embeddable":true,"href":"https:\/\/freshgarbage.fi\/en\/wp-json\/wp\/v2\/product_brand?post=64327"},{"taxonomy":"product_cat","embeddable":true,"href":"https:\/\/freshgarbage.fi\/en\/wp-json\/wp\/v2\/product_cat?post=64327"},{"taxonomy":"product_tag","embeddable":true,"href":"https:\/\/freshgarbage.fi\/en\/wp-json\/wp\/v2\/product_tag?post=64327"}],"curies":[{"name":"wp","href":"https:\/\/api.w.org\/{rel}","templated":true}]}}