{"id":64256,"date":"2026-01-15T11:45:47","date_gmt":"2026-01-15T09:45:47","guid":{"rendered":"https:\/\/freshgarbage.fi\/?post_type=product&#038;p=64256"},"modified":"2026-01-15T11:52:07","modified_gmt":"2026-01-15T09:52:07","slug":"roger-waters-the-wall-live-in-berlin","status":"publish","type":"product","link":"https:\/\/freshgarbage.fi\/en\/product\/roger-waters-the-wall-live-in-berlin\/","title":{"rendered":"Roger Waters \u2013 The Wall (Live In Berlin)"},"content":{"rendered":"","protected":false},"excerpt":{"rendered":"<p>2LP. Alkuper\u00e4inen Eurooppa-painos.<\/p>\n<p>Levyiss\u00e4 hankaumaa\/kevytt\u00e4 j\u00e4lke\u00e4. Paikoin kevytt\u00e4 ripsett\u00e4 korostuen puolien alussa. P\u00e4\u00e4osin soi hyvin.<\/p>\n","protected":false},"featured_media":77233,"template":"","meta":{"_acf_changed":false},"product_brand":[],"product_cat":[113],"product_tag":[],"class_list":{"0":"post-64256","1":"product","2":"type-product","3":"status-publish","4":"has-post-thumbnail","6":"product_cat-progressive-rock-krautrock-en","7":"pa_formaatti-lp-en","8":"pa_kaytetty-uusi-2nd-hand","10":"first","11":"outofstock","12":"shipping-taxable","13":"purchasable","14":"product-type-simple"},"acf":[],"_links":{"self":[{"href":"https:\/\/freshgarbage.fi\/en\/wp-json\/wp\/v2\/product\/64256","targetHints":{"allow":["GET"]}}],"collection":[{"href":"https:\/\/freshgarbage.fi\/en\/wp-json\/wp\/v2\/product"}],"about":[{"href":"https:\/\/freshgarbage.fi\/en\/wp-json\/wp\/v2\/types\/product"}],"wp:featuredmedia":[{"embeddable":true,"href":"https:\/\/freshgarbage.fi\/en\/wp-json\/wp\/v2\/media\/77233"}],"wp:attachment":[{"href":"https:\/\/freshgarbage.fi\/en\/wp-json\/wp\/v2\/media?parent=64256"}],"wp:term":[{"taxonomy":"product_brand","embeddable":true,"href":"https:\/\/freshgarbage.fi\/en\/wp-json\/wp\/v2\/product_brand?post=64256"},{"taxonomy":"product_cat","embeddable":true,"href":"https:\/\/freshgarbage.fi\/en\/wp-json\/wp\/v2\/product_cat?post=64256"},{"taxonomy":"product_tag","embeddable":true,"href":"https:\/\/freshgarbage.fi\/en\/wp-json\/wp\/v2\/product_tag?post=64256"}],"curies":[{"name":"wp","href":"https:\/\/api.w.org\/{rel}","templated":true}]}}