{"id":64254,"date":"2023-10-13T16:50:38","date_gmt":"2023-10-13T13:50:38","guid":{"rendered":"https:\/\/freshgarbage.fi\/tuote\/the-john-scott-orchestra-sounds-of-silence\/"},"modified":"2023-10-13T16:50:38","modified_gmt":"2023-10-13T13:50:38","slug":"the-john-scott-orchestra-sounds-of-silence","status":"publish","type":"product","link":"https:\/\/freshgarbage.fi\/en\/product\/the-john-scott-orchestra-sounds-of-silence\/","title":{"rendered":"The John Scott Orchestra \u2013 Sounds Of Silence"},"content":{"rendered":"","protected":false},"excerpt":{"rendered":"<ul>\n<li>Kevytt\u00e4 j\u00e4lke\u00e4, soi hyvin<\/li>\n<li>Reunakulumaa<\/li>\n<\/ul>\n","protected":false},"featured_media":2797,"template":"","meta":{"_acf_changed":false},"product_brand":[],"product_cat":[119],"product_tag":[],"class_list":{"0":"post-64254","1":"product","2":"type-product","3":"status-publish","4":"has-post-thumbnail","6":"product_cat-library-music-easy-listening-exotica-others-en","7":"pa_formaatti-lp-en","8":"pa_kaytetty-uusi-2nd-hand","10":"first","11":"instock","12":"sale","13":"shipping-taxable","14":"purchasable","15":"product-type-simple"},"acf":[],"_links":{"self":[{"href":"https:\/\/freshgarbage.fi\/en\/wp-json\/wp\/v2\/product\/64254","targetHints":{"allow":["GET"]}}],"collection":[{"href":"https:\/\/freshgarbage.fi\/en\/wp-json\/wp\/v2\/product"}],"about":[{"href":"https:\/\/freshgarbage.fi\/en\/wp-json\/wp\/v2\/types\/product"}],"wp:featuredmedia":[{"embeddable":true,"href":"https:\/\/freshgarbage.fi\/en\/wp-json\/wp\/v2\/media\/2797"}],"wp:attachment":[{"href":"https:\/\/freshgarbage.fi\/en\/wp-json\/wp\/v2\/media?parent=64254"}],"wp:term":[{"taxonomy":"product_brand","embeddable":true,"href":"https:\/\/freshgarbage.fi\/en\/wp-json\/wp\/v2\/product_brand?post=64254"},{"taxonomy":"product_cat","embeddable":true,"href":"https:\/\/freshgarbage.fi\/en\/wp-json\/wp\/v2\/product_cat?post=64254"},{"taxonomy":"product_tag","embeddable":true,"href":"https:\/\/freshgarbage.fi\/en\/wp-json\/wp\/v2\/product_tag?post=64254"}],"curies":[{"name":"wp","href":"https:\/\/api.w.org\/{rel}","templated":true}]}}