{"id":64234,"date":"2025-11-17T11:55:27","date_gmt":"2025-11-17T09:55:27","guid":{"rendered":"https:\/\/freshgarbage.fi\/tuote\/leviathan-the-blind-wound\/"},"modified":"2025-11-17T11:55:27","modified_gmt":"2025-11-17T09:55:27","slug":"leviathan-the-blind-wound","status":"publish","type":"product","link":"https:\/\/freshgarbage.fi\/en\/product\/leviathan-the-blind-wound\/","title":{"rendered":"Leviathan \u2013 The Blind Wound"},"content":{"rendered":"","protected":false},"excerpt":{"rendered":"<p>Jonkin verran kevytt\u00e4 sis\u00e4pussij\u00e4lke\u00e4.<\/p>\n","protected":false},"featured_media":59393,"template":"","meta":{"_acf_changed":false},"product_brand":[],"product_cat":[118],"product_tag":[],"class_list":{"0":"post-64234","1":"product","2":"type-product","3":"status-publish","4":"has-post-thumbnail","6":"product_cat-metal-en","7":"pa_formaatti-lp-en","8":"pa_kaytetty-uusi-2nd-hand","10":"first","11":"instock","12":"shipping-taxable","13":"purchasable","14":"product-type-simple"},"acf":[],"_links":{"self":[{"href":"https:\/\/freshgarbage.fi\/en\/wp-json\/wp\/v2\/product\/64234","targetHints":{"allow":["GET"]}}],"collection":[{"href":"https:\/\/freshgarbage.fi\/en\/wp-json\/wp\/v2\/product"}],"about":[{"href":"https:\/\/freshgarbage.fi\/en\/wp-json\/wp\/v2\/types\/product"}],"wp:featuredmedia":[{"embeddable":true,"href":"https:\/\/freshgarbage.fi\/en\/wp-json\/wp\/v2\/media\/59393"}],"wp:attachment":[{"href":"https:\/\/freshgarbage.fi\/en\/wp-json\/wp\/v2\/media?parent=64234"}],"wp:term":[{"taxonomy":"product_brand","embeddable":true,"href":"https:\/\/freshgarbage.fi\/en\/wp-json\/wp\/v2\/product_brand?post=64234"},{"taxonomy":"product_cat","embeddable":true,"href":"https:\/\/freshgarbage.fi\/en\/wp-json\/wp\/v2\/product_cat?post=64234"},{"taxonomy":"product_tag","embeddable":true,"href":"https:\/\/freshgarbage.fi\/en\/wp-json\/wp\/v2\/product_tag?post=64234"}],"curies":[{"name":"wp","href":"https:\/\/api.w.org\/{rel}","templated":true}]}}