{"id":64085,"date":"2025-11-13T11:45:06","date_gmt":"2025-11-13T09:45:06","guid":{"rendered":"https:\/\/freshgarbage.fi\/tuote\/n-a-s-a-the-spirit-of-apollo\/"},"modified":"2025-11-13T11:45:06","modified_gmt":"2025-11-13T09:45:06","slug":"n-a-s-a-the-spirit-of-apollo","status":"publish","type":"product","link":"https:\/\/freshgarbage.fi\/en\/product\/n-a-s-a-the-spirit-of-apollo\/","title":{"rendered":"N.A.S.A. \u2013 The Spirit Of Apollo"},"content":{"rendered":"","protected":false},"excerpt":{"rendered":"<p>2LP. Alkuper\u00e4inen USA-painos. L\u00e4hinn\u00e4 yhdell\u00e4 puoliskolla kevytt\u00e4 j\u00e4lke\u00e4, soi hyvin.<\/p>\n","protected":false},"featured_media":59233,"template":"","meta":{"_acf_changed":false},"product_brand":[],"product_cat":[123],"product_tag":[],"class_list":{"0":"post-64085","1":"product","2":"type-product","3":"status-publish","4":"has-post-thumbnail","6":"product_cat-hip-hop-rap-en","7":"pa_formaatti-lp-en","8":"pa_kaytetty-uusi-2nd-hand","10":"first","11":"instock","12":"shipping-taxable","13":"purchasable","14":"product-type-simple"},"acf":[],"_links":{"self":[{"href":"https:\/\/freshgarbage.fi\/en\/wp-json\/wp\/v2\/product\/64085","targetHints":{"allow":["GET"]}}],"collection":[{"href":"https:\/\/freshgarbage.fi\/en\/wp-json\/wp\/v2\/product"}],"about":[{"href":"https:\/\/freshgarbage.fi\/en\/wp-json\/wp\/v2\/types\/product"}],"wp:featuredmedia":[{"embeddable":true,"href":"https:\/\/freshgarbage.fi\/en\/wp-json\/wp\/v2\/media\/59233"}],"wp:attachment":[{"href":"https:\/\/freshgarbage.fi\/en\/wp-json\/wp\/v2\/media?parent=64085"}],"wp:term":[{"taxonomy":"product_brand","embeddable":true,"href":"https:\/\/freshgarbage.fi\/en\/wp-json\/wp\/v2\/product_brand?post=64085"},{"taxonomy":"product_cat","embeddable":true,"href":"https:\/\/freshgarbage.fi\/en\/wp-json\/wp\/v2\/product_cat?post=64085"},{"taxonomy":"product_tag","embeddable":true,"href":"https:\/\/freshgarbage.fi\/en\/wp-json\/wp\/v2\/product_tag?post=64085"}],"curies":[{"name":"wp","href":"https:\/\/api.w.org\/{rel}","templated":true}]}}