{"id":64078,"date":"2025-11-13T11:45:25","date_gmt":"2025-11-13T09:45:25","guid":{"rendered":"https:\/\/freshgarbage.fi\/tuote\/ritarikunta-rk-kroonisesti-akuutti\/"},"modified":"2025-11-13T11:45:25","modified_gmt":"2025-11-13T09:45:25","slug":"ritarikunta-rk-kroonisesti-akuutti","status":"publish","type":"product","link":"https:\/\/freshgarbage.fi\/en\/product\/ritarikunta-rk-kroonisesti-akuutti\/","title":{"rendered":"Ritarikunta \u2013 RK &#8211; Kroonisesti Akuutti"},"content":{"rendered":"","protected":false},"excerpt":{"rendered":"<p>2LP. Alkuper\u00e4inen ja ainoa painos.<\/p>\n<p>Hieman sis\u00e4pussij\u00e4lke\u00e4, soi hyvin.<\/p>\n","protected":false},"featured_media":59207,"template":"","meta":{"_acf_changed":false},"product_brand":[],"product_cat":[120,123],"product_tag":[],"class_list":{"0":"post-64078","1":"product","2":"type-product","3":"status-publish","4":"has-post-thumbnail","6":"product_cat-finnish","7":"product_cat-hip-hop-rap-en","8":"pa_formaatti-lp-en","9":"pa_kaytetty-uusi-2nd-hand","11":"first","12":"instock","13":"shipping-taxable","14":"purchasable","15":"product-type-simple"},"acf":[],"_links":{"self":[{"href":"https:\/\/freshgarbage.fi\/en\/wp-json\/wp\/v2\/product\/64078","targetHints":{"allow":["GET"]}}],"collection":[{"href":"https:\/\/freshgarbage.fi\/en\/wp-json\/wp\/v2\/product"}],"about":[{"href":"https:\/\/freshgarbage.fi\/en\/wp-json\/wp\/v2\/types\/product"}],"wp:featuredmedia":[{"embeddable":true,"href":"https:\/\/freshgarbage.fi\/en\/wp-json\/wp\/v2\/media\/59207"}],"wp:attachment":[{"href":"https:\/\/freshgarbage.fi\/en\/wp-json\/wp\/v2\/media?parent=64078"}],"wp:term":[{"taxonomy":"product_brand","embeddable":true,"href":"https:\/\/freshgarbage.fi\/en\/wp-json\/wp\/v2\/product_brand?post=64078"},{"taxonomy":"product_cat","embeddable":true,"href":"https:\/\/freshgarbage.fi\/en\/wp-json\/wp\/v2\/product_cat?post=64078"},{"taxonomy":"product_tag","embeddable":true,"href":"https:\/\/freshgarbage.fi\/en\/wp-json\/wp\/v2\/product_tag?post=64078"}],"curies":[{"name":"wp","href":"https:\/\/api.w.org\/{rel}","templated":true}]}}