{"id":64053,"date":"2025-09-11T11:45:50","date_gmt":"2025-09-11T08:45:50","guid":{"rendered":"https:\/\/freshgarbage.fi\/tuote\/hiroshima-taste-of-death\/"},"modified":"2025-09-11T11:45:50","modified_gmt":"2025-09-11T08:45:50","slug":"hiroshima-taste-of-death","status":"publish","type":"product","link":"https:\/\/freshgarbage.fi\/en\/product\/hiroshima-taste-of-death\/","title":{"rendered":"Hiroshima \u2013 Taste Of Death"},"content":{"rendered":"","protected":false},"excerpt":{"rendered":"<p>Alkuper\u00e4inen painos.<\/p>\n<p>B-puolen viimeisess\u00e4 kappaleessa j\u00e4lki, joka aiheuttaa kevytt\u00e4 napsumista noin 10 kierroksen ajan. Kansissa t\u00e4lle levyll\u00e4 hyvin tyypillist\u00e4 pintakulumaa ja ringwearia.<\/p>\n","protected":false},"featured_media":54439,"template":"","meta":{"_acf_changed":false},"product_brand":[],"product_cat":[124],"product_tag":[],"class_list":{"0":"post-64053","1":"product","2":"type-product","3":"status-publish","4":"has-post-thumbnail","6":"product_cat-hard-rock-heavy-en","7":"pa_formaatti-lp-en","8":"pa_kaytetty-uusi-2nd-hand","10":"first","11":"instock","12":"shipping-taxable","13":"purchasable","14":"product-type-simple"},"acf":[],"_links":{"self":[{"href":"https:\/\/freshgarbage.fi\/en\/wp-json\/wp\/v2\/product\/64053","targetHints":{"allow":["GET"]}}],"collection":[{"href":"https:\/\/freshgarbage.fi\/en\/wp-json\/wp\/v2\/product"}],"about":[{"href":"https:\/\/freshgarbage.fi\/en\/wp-json\/wp\/v2\/types\/product"}],"wp:featuredmedia":[{"embeddable":true,"href":"https:\/\/freshgarbage.fi\/en\/wp-json\/wp\/v2\/media\/54439"}],"wp:attachment":[{"href":"https:\/\/freshgarbage.fi\/en\/wp-json\/wp\/v2\/media?parent=64053"}],"wp:term":[{"taxonomy":"product_brand","embeddable":true,"href":"https:\/\/freshgarbage.fi\/en\/wp-json\/wp\/v2\/product_brand?post=64053"},{"taxonomy":"product_cat","embeddable":true,"href":"https:\/\/freshgarbage.fi\/en\/wp-json\/wp\/v2\/product_cat?post=64053"},{"taxonomy":"product_tag","embeddable":true,"href":"https:\/\/freshgarbage.fi\/en\/wp-json\/wp\/v2\/product_tag?post=64053"}],"curies":[{"name":"wp","href":"https:\/\/api.w.org\/{rel}","templated":true}]}}