{"id":64023,"date":"2026-01-15T11:45:15","date_gmt":"2026-01-15T09:45:15","guid":{"rendered":"https:\/\/freshgarbage.fi\/?post_type=product&#038;p=64023"},"modified":"2026-01-15T11:49:27","modified_gmt":"2026-01-15T09:49:27","slug":"rhoda-scott-a-lorgue-hammond-take-a-ladder","status":"publish","type":"product","link":"https:\/\/freshgarbage.fi\/en\/product\/rhoda-scott-a-lorgue-hammond-take-a-ladder\/","title":{"rendered":"Rhoda Scott \u2013 A L&#8217;orgue Hammond (Take A Ladder)"},"content":{"rendered":"","protected":false},"excerpt":{"rendered":"<p>Alkuper\u00e4inen Ranska-painos.<\/p>\n<p>Etukannen yl\u00e4kulmassa numero tussilla, takakannessa nimi ja p\u00e4iv\u00e4m\u00e4\u00e4r\u00e4.<\/p>\n","protected":false},"featured_media":77200,"template":"","meta":{"_acf_changed":false},"product_brand":[],"product_cat":[122],"product_tag":[],"class_list":{"0":"post-64023","1":"product","2":"type-product","3":"status-publish","4":"has-post-thumbnail","6":"product_cat-jazz-fusion-en","7":"pa_formaatti-lp-en","8":"pa_kaytetty-uusi-2nd-hand","10":"first","11":"instock","12":"shipping-taxable","13":"purchasable","14":"product-type-simple"},"acf":[],"_links":{"self":[{"href":"https:\/\/freshgarbage.fi\/en\/wp-json\/wp\/v2\/product\/64023","targetHints":{"allow":["GET"]}}],"collection":[{"href":"https:\/\/freshgarbage.fi\/en\/wp-json\/wp\/v2\/product"}],"about":[{"href":"https:\/\/freshgarbage.fi\/en\/wp-json\/wp\/v2\/types\/product"}],"wp:featuredmedia":[{"embeddable":true,"href":"https:\/\/freshgarbage.fi\/en\/wp-json\/wp\/v2\/media\/77200"}],"wp:attachment":[{"href":"https:\/\/freshgarbage.fi\/en\/wp-json\/wp\/v2\/media?parent=64023"}],"wp:term":[{"taxonomy":"product_brand","embeddable":true,"href":"https:\/\/freshgarbage.fi\/en\/wp-json\/wp\/v2\/product_brand?post=64023"},{"taxonomy":"product_cat","embeddable":true,"href":"https:\/\/freshgarbage.fi\/en\/wp-json\/wp\/v2\/product_cat?post=64023"},{"taxonomy":"product_tag","embeddable":true,"href":"https:\/\/freshgarbage.fi\/en\/wp-json\/wp\/v2\/product_tag?post=64023"}],"curies":[{"name":"wp","href":"https:\/\/api.w.org\/{rel}","templated":true}]}}