{"id":64004,"date":"2025-11-28T11:45:00","date_gmt":"2025-11-28T09:45:00","guid":{"rendered":"https:\/\/freshgarbage.fi\/tuote\/don-johnson-big-band-support-de-microphones\/"},"modified":"2025-11-28T11:45:00","modified_gmt":"2025-11-28T09:45:00","slug":"don-johnson-big-band-support-de-microphones","status":"publish","type":"product","link":"https:\/\/freshgarbage.fi\/en\/product\/don-johnson-big-band-support-de-microphones\/","title":{"rendered":"Don Johnson Big Band \u2013 Support de Microphones"},"content":{"rendered":"","protected":false},"excerpt":{"rendered":"<p>2LP. Ensimm\u00e4ist\u00e4 kertaa vinyylin\u00e4.<\/p>\n<p>Nimmaroitu. Mukana bonuksena kaksi pitkulaista promo-tarraa.<\/p>\n","protected":false},"featured_media":60505,"template":"","meta":{"_acf_changed":false},"product_brand":[],"product_cat":[120,123],"product_tag":[],"class_list":{"0":"post-64004","1":"product","2":"type-product","3":"status-publish","4":"has-post-thumbnail","6":"product_cat-finnish","7":"product_cat-hip-hop-rap-en","8":"pa_formaatti-lp-en","9":"pa_kaytetty-uusi-2nd-hand","11":"first","12":"instock","13":"shipping-taxable","14":"purchasable","15":"product-type-simple"},"acf":[],"_links":{"self":[{"href":"https:\/\/freshgarbage.fi\/en\/wp-json\/wp\/v2\/product\/64004","targetHints":{"allow":["GET"]}}],"collection":[{"href":"https:\/\/freshgarbage.fi\/en\/wp-json\/wp\/v2\/product"}],"about":[{"href":"https:\/\/freshgarbage.fi\/en\/wp-json\/wp\/v2\/types\/product"}],"wp:featuredmedia":[{"embeddable":true,"href":"https:\/\/freshgarbage.fi\/en\/wp-json\/wp\/v2\/media\/60505"}],"wp:attachment":[{"href":"https:\/\/freshgarbage.fi\/en\/wp-json\/wp\/v2\/media?parent=64004"}],"wp:term":[{"taxonomy":"product_brand","embeddable":true,"href":"https:\/\/freshgarbage.fi\/en\/wp-json\/wp\/v2\/product_brand?post=64004"},{"taxonomy":"product_cat","embeddable":true,"href":"https:\/\/freshgarbage.fi\/en\/wp-json\/wp\/v2\/product_cat?post=64004"},{"taxonomy":"product_tag","embeddable":true,"href":"https:\/\/freshgarbage.fi\/en\/wp-json\/wp\/v2\/product_tag?post=64004"}],"curies":[{"name":"wp","href":"https:\/\/api.w.org\/{rel}","templated":true}]}}