{"id":63993,"date":"2025-12-29T12:18:26","date_gmt":"2025-12-29T10:18:26","guid":{"rendered":"https:\/\/freshgarbage.fi\/tuote\/jukka-hauru-information-2\/"},"modified":"2025-12-29T12:18:26","modified_gmt":"2025-12-29T10:18:26","slug":"jukka-hauru-information-2","status":"publish","type":"product","link":"https:\/\/freshgarbage.fi\/en\/product\/jukka-hauru-information-2\/","title":{"rendered":"Jukka Hauru \u2013 Information"},"content":{"rendered":"","protected":false},"excerpt":{"rendered":"<p>Alkuper\u00e4inen painos.<\/p>\n<p>A-puolen alussa pitkulainen poikittainen j\u00e4lki, joka tuntuu hieman sormeen. Ei aiheuta kuitenkaan paria kevytt\u00e4 napsua lukuun ottamatta suurempia ongelmia. Muuten levyss\u00e4 vain hyvin heiver\u00f6isi\u00e4 hiusj\u00e4lki\u00e4 ja olisi kuntoluokitukseltaan noin EX-.<\/p>\n<p>Kannessa hiukan kulumaa l\u00e4hinn\u00e4 reunossa, mutta muuten ehj\u00e4t.<\/p>\n","protected":false},"featured_media":62556,"template":"","meta":{"_acf_changed":false},"product_brand":[],"product_cat":[120,122,113],"product_tag":[],"class_list":{"0":"post-63993","1":"product","2":"type-product","3":"status-publish","4":"has-post-thumbnail","6":"product_cat-finnish","7":"product_cat-jazz-fusion-en","8":"product_cat-progressive-rock-krautrock-en","9":"pa_formaatti-lp-en","10":"pa_kaytetty-uusi-2nd-hand","12":"first","13":"instock","14":"shipping-taxable","15":"purchasable","16":"product-type-simple"},"acf":[],"_links":{"self":[{"href":"https:\/\/freshgarbage.fi\/en\/wp-json\/wp\/v2\/product\/63993","targetHints":{"allow":["GET"]}}],"collection":[{"href":"https:\/\/freshgarbage.fi\/en\/wp-json\/wp\/v2\/product"}],"about":[{"href":"https:\/\/freshgarbage.fi\/en\/wp-json\/wp\/v2\/types\/product"}],"wp:featuredmedia":[{"embeddable":true,"href":"https:\/\/freshgarbage.fi\/en\/wp-json\/wp\/v2\/media\/62556"}],"wp:attachment":[{"href":"https:\/\/freshgarbage.fi\/en\/wp-json\/wp\/v2\/media?parent=63993"}],"wp:term":[{"taxonomy":"product_brand","embeddable":true,"href":"https:\/\/freshgarbage.fi\/en\/wp-json\/wp\/v2\/product_brand?post=63993"},{"taxonomy":"product_cat","embeddable":true,"href":"https:\/\/freshgarbage.fi\/en\/wp-json\/wp\/v2\/product_cat?post=63993"},{"taxonomy":"product_tag","embeddable":true,"href":"https:\/\/freshgarbage.fi\/en\/wp-json\/wp\/v2\/product_tag?post=63993"}],"curies":[{"name":"wp","href":"https:\/\/api.w.org\/{rel}","templated":true}]}}