{"id":63969,"date":"2025-12-12T12:00:53","date_gmt":"2025-12-12T10:00:53","guid":{"rendered":"https:\/\/freshgarbage.fi\/tuote\/gang-starr-daily-operation\/"},"modified":"2026-02-03T07:57:59","modified_gmt":"2026-02-03T05:57:59","slug":"gang-starr-daily-operation","status":"publish","type":"product","link":"https:\/\/freshgarbage.fi\/en\/product\/gang-starr-daily-operation\/","title":{"rendered":"Gang Starr \u2013 Daily Operation"},"content":{"rendered":"","protected":false},"excerpt":{"rendered":"<p>2LP. L\u00e4pin\u00e4kyv\u00e4t punaiset levyt.<\/p>\n<p>A1 Daily Operation (Intro) 0:27<br \/>\nA2 The Place Where We Dwell 2:27<br \/>\nA3 Flip The Script 4:02<br \/>\nA4 Ex Girl To Next Girl 4:40<br \/>\nA5 Soliloquy Of Chaos 3:13<br \/>\nB1 I&#8217;m The Man 4:05<br \/>\nB2 92 Interlude 0:28<br \/>\nB3 Take It Personal 3:07<br \/>\nB4 2 Deep 3:38<\/p>\n<p>C1 24-7\/365 0:24<br \/>\nC2 No Shame In My Game 3:55<br \/>\nC3 Conspiracy 2:48<br \/>\nC4 The Illest Brother 4:44<br \/>\nC5 Hardcore Composer 3:16<br \/>\nD1 B.Y.S. 3:06<br \/>\nD2 Take Two And Pass 3:15<br \/>\nD3 Stay Tuned 2:31<\/p>\n","protected":false},"featured_media":60439,"template":"","meta":{"_acf_changed":false},"product_brand":[],"product_cat":[123,107],"product_tag":[],"class_list":{"0":"post-63969","1":"product","2":"type-product","3":"status-publish","4":"has-post-thumbnail","6":"product_cat-hip-hop-rap-en","7":"product_cat-new","8":"pa_formaatti-lp-en","9":"pa_kaytetty-uusi-new","11":"first","12":"instock","13":"taxable","14":"shipping-taxable","15":"purchasable","16":"product-type-simple"},"acf":[],"_links":{"self":[{"href":"https:\/\/freshgarbage.fi\/en\/wp-json\/wp\/v2\/product\/63969","targetHints":{"allow":["GET"]}}],"collection":[{"href":"https:\/\/freshgarbage.fi\/en\/wp-json\/wp\/v2\/product"}],"about":[{"href":"https:\/\/freshgarbage.fi\/en\/wp-json\/wp\/v2\/types\/product"}],"wp:featuredmedia":[{"embeddable":true,"href":"https:\/\/freshgarbage.fi\/en\/wp-json\/wp\/v2\/media\/60439"}],"wp:attachment":[{"href":"https:\/\/freshgarbage.fi\/en\/wp-json\/wp\/v2\/media?parent=63969"}],"wp:term":[{"taxonomy":"product_brand","embeddable":true,"href":"https:\/\/freshgarbage.fi\/en\/wp-json\/wp\/v2\/product_brand?post=63969"},{"taxonomy":"product_cat","embeddable":true,"href":"https:\/\/freshgarbage.fi\/en\/wp-json\/wp\/v2\/product_cat?post=63969"},{"taxonomy":"product_tag","embeddable":true,"href":"https:\/\/freshgarbage.fi\/en\/wp-json\/wp\/v2\/product_tag?post=63969"}],"curies":[{"name":"wp","href":"https:\/\/api.w.org\/{rel}","templated":true}]}}