{"id":63950,"date":"2025-12-19T11:45:12","date_gmt":"2025-12-19T09:45:12","guid":{"rendered":"https:\/\/freshgarbage.fi\/tuote\/asa-band-uni-nakee-unta-meista\/"},"modified":"2025-12-19T11:45:12","modified_gmt":"2025-12-19T09:45:12","slug":"asa-band-uni-nakee-unta-meista","status":"publish","type":"product","link":"https:\/\/freshgarbage.fi\/en\/product\/asa-band-uni-nakee-unta-meista\/","title":{"rendered":"Asa &#038; Band \u2013 Uni N\u00e4kee Unta Meist\u00e4"},"content":{"rendered":"","protected":false},"excerpt":{"rendered":"<p>Soittamaton. Alkuper\u00e4inen painos.<\/p>\n","protected":false},"featured_media":62327,"template":"","meta":{"_acf_changed":false},"product_brand":[],"product_cat":[120,123],"product_tag":[],"class_list":{"0":"post-63950","1":"product","2":"type-product","3":"status-publish","4":"has-post-thumbnail","6":"product_cat-finnish","7":"product_cat-hip-hop-rap-en","8":"pa_formaatti-lp-en","9":"pa_kaytetty-uusi-2nd-hand","11":"first","12":"instock","13":"shipping-taxable","14":"purchasable","15":"product-type-simple"},"acf":[],"_links":{"self":[{"href":"https:\/\/freshgarbage.fi\/en\/wp-json\/wp\/v2\/product\/63950","targetHints":{"allow":["GET"]}}],"collection":[{"href":"https:\/\/freshgarbage.fi\/en\/wp-json\/wp\/v2\/product"}],"about":[{"href":"https:\/\/freshgarbage.fi\/en\/wp-json\/wp\/v2\/types\/product"}],"wp:featuredmedia":[{"embeddable":true,"href":"https:\/\/freshgarbage.fi\/en\/wp-json\/wp\/v2\/media\/62327"}],"wp:attachment":[{"href":"https:\/\/freshgarbage.fi\/en\/wp-json\/wp\/v2\/media?parent=63950"}],"wp:term":[{"taxonomy":"product_brand","embeddable":true,"href":"https:\/\/freshgarbage.fi\/en\/wp-json\/wp\/v2\/product_brand?post=63950"},{"taxonomy":"product_cat","embeddable":true,"href":"https:\/\/freshgarbage.fi\/en\/wp-json\/wp\/v2\/product_cat?post=63950"},{"taxonomy":"product_tag","embeddable":true,"href":"https:\/\/freshgarbage.fi\/en\/wp-json\/wp\/v2\/product_tag?post=63950"}],"curies":[{"name":"wp","href":"https:\/\/api.w.org\/{rel}","templated":true}]}}