{"id":63923,"date":"2025-11-17T11:54:02","date_gmt":"2025-11-17T09:54:02","guid":{"rendered":"https:\/\/freshgarbage.fi\/tuote\/tanssiorkesteri-markojuhani-rautavaara-yliannostus\/"},"modified":"2025-11-17T11:54:02","modified_gmt":"2025-11-17T09:54:02","slug":"tanssiorkesteri-markojuhani-rautavaara-yliannostus","status":"publish","type":"product","link":"https:\/\/freshgarbage.fi\/en\/product\/tanssiorkesteri-markojuhani-rautavaara-yliannostus\/","title":{"rendered":"Tanssiorkesteri Markojuhani Rautavaara \u2013 Yliannostus"},"content":{"rendered":"","protected":false},"excerpt":{"rendered":"<p>Alkuper\u00e4inen painos. Hieman kevytt\u00e4 sis\u00e4pussij\u00e4lke\u00e4.<\/p>\n","protected":false},"featured_media":59465,"template":"","meta":{"_acf_changed":false},"product_brand":[],"product_cat":[120,124],"product_tag":[],"class_list":{"0":"post-63923","1":"product","2":"type-product","3":"status-publish","4":"has-post-thumbnail","6":"product_cat-finnish","7":"product_cat-hard-rock-heavy-en","8":"pa_formaatti-lp-en","9":"pa_kaytetty-uusi-2nd-hand","11":"first","12":"instock","13":"shipping-taxable","14":"purchasable","15":"product-type-simple"},"acf":[],"_links":{"self":[{"href":"https:\/\/freshgarbage.fi\/en\/wp-json\/wp\/v2\/product\/63923","targetHints":{"allow":["GET"]}}],"collection":[{"href":"https:\/\/freshgarbage.fi\/en\/wp-json\/wp\/v2\/product"}],"about":[{"href":"https:\/\/freshgarbage.fi\/en\/wp-json\/wp\/v2\/types\/product"}],"wp:featuredmedia":[{"embeddable":true,"href":"https:\/\/freshgarbage.fi\/en\/wp-json\/wp\/v2\/media\/59465"}],"wp:attachment":[{"href":"https:\/\/freshgarbage.fi\/en\/wp-json\/wp\/v2\/media?parent=63923"}],"wp:term":[{"taxonomy":"product_brand","embeddable":true,"href":"https:\/\/freshgarbage.fi\/en\/wp-json\/wp\/v2\/product_brand?post=63923"},{"taxonomy":"product_cat","embeddable":true,"href":"https:\/\/freshgarbage.fi\/en\/wp-json\/wp\/v2\/product_cat?post=63923"},{"taxonomy":"product_tag","embeddable":true,"href":"https:\/\/freshgarbage.fi\/en\/wp-json\/wp\/v2\/product_tag?post=63923"}],"curies":[{"name":"wp","href":"https:\/\/api.w.org\/{rel}","templated":true}]}}