{"id":63892,"date":"2025-12-19T11:45:42","date_gmt":"2025-12-19T09:45:42","guid":{"rendered":"https:\/\/freshgarbage.fi\/tuote\/guns-n-roses-sweet-child-o-mine-remix-shaped-7\/"},"modified":"2025-12-19T11:45:42","modified_gmt":"2025-12-19T09:45:42","slug":"guns-n-roses-sweet-child-o-mine-remix-shaped-7","status":"publish","type":"product","link":"https:\/\/freshgarbage.fi\/en\/product\/guns-n-roses-sweet-child-o-mine-remix-shaped-7\/","title":{"rendered":"Guns N&#8217; Roses \u2013 Sweet Child O&#8217; Mine (Remix) SHAPED 7&#8243;"},"content":{"rendered":"","protected":false},"excerpt":{"rendered":"<p>Muotoiltu 7&#8243; kuvalevy. Alkuper\u00e4inen painos. Alkuper\u00e4inen muovisuoja mukana.<\/p>\n<p>L\u00e4hinn\u00e4 puolten alussa pient\u00e4 kevytt\u00e4 ritin\u00e4\u00e4.<\/p>\n<p>A Sweet Child O&#8217; Mine (Remix)<br \/>\nB Out Ta Get Me<\/p>\n","protected":false},"featured_media":62333,"template":"","meta":{"_acf_changed":false},"product_brand":[],"product_cat":[124],"product_tag":[],"class_list":{"0":"post-63892","1":"product","2":"type-product","3":"status-publish","4":"has-post-thumbnail","6":"product_cat-hard-rock-heavy-en","7":"pa_formaatti-12-en","8":"pa_kaytetty-uusi-2nd-hand","10":"first","11":"instock","12":"shipping-taxable","13":"purchasable","14":"product-type-simple"},"acf":[],"_links":{"self":[{"href":"https:\/\/freshgarbage.fi\/en\/wp-json\/wp\/v2\/product\/63892","targetHints":{"allow":["GET"]}}],"collection":[{"href":"https:\/\/freshgarbage.fi\/en\/wp-json\/wp\/v2\/product"}],"about":[{"href":"https:\/\/freshgarbage.fi\/en\/wp-json\/wp\/v2\/types\/product"}],"wp:featuredmedia":[{"embeddable":true,"href":"https:\/\/freshgarbage.fi\/en\/wp-json\/wp\/v2\/media\/62333"}],"wp:attachment":[{"href":"https:\/\/freshgarbage.fi\/en\/wp-json\/wp\/v2\/media?parent=63892"}],"wp:term":[{"taxonomy":"product_brand","embeddable":true,"href":"https:\/\/freshgarbage.fi\/en\/wp-json\/wp\/v2\/product_brand?post=63892"},{"taxonomy":"product_cat","embeddable":true,"href":"https:\/\/freshgarbage.fi\/en\/wp-json\/wp\/v2\/product_cat?post=63892"},{"taxonomy":"product_tag","embeddable":true,"href":"https:\/\/freshgarbage.fi\/en\/wp-json\/wp\/v2\/product_tag?post=63892"}],"curies":[{"name":"wp","href":"https:\/\/api.w.org\/{rel}","templated":true}]}}