{"id":63868,"date":"2025-06-18T12:11:37","date_gmt":"2025-06-18T09:11:37","guid":{"rendered":"https:\/\/freshgarbage.fi\/tuote\/amazing-blondel-fantasia-lindum\/"},"modified":"2025-06-18T12:11:37","modified_gmt":"2025-06-18T09:11:37","slug":"amazing-blondel-fantasia-lindum","status":"publish","type":"product","link":"https:\/\/freshgarbage.fi\/en\/product\/amazing-blondel-fantasia-lindum\/","title":{"rendered":"Amazing Blondel \u2013 Fantasia Lindum"},"content":{"rendered":"","protected":false},"excerpt":{"rendered":"<p>Alkuper\u00e4inen UK-painos.<\/p>\n<p>Blanko sis\u00e4pussi niin kuin yleens\u00e4. Tulostettua versiota ei luultavasti ole ollut alunperink\u00e4\u00e4n kaikissa.<\/p>\n","protected":false},"featured_media":36037,"template":"","meta":{"_acf_changed":false},"product_brand":[],"product_cat":[125],"product_tag":[],"class_list":{"0":"post-63868","1":"product","2":"type-product","3":"status-publish","4":"has-post-thumbnail","6":"product_cat-folk-folk-rock-acoustic-en","7":"pa_formaatti-lp-en","8":"pa_kaytetty-uusi-2nd-hand","10":"first","11":"instock","12":"shipping-taxable","13":"purchasable","14":"product-type-simple"},"acf":[],"_links":{"self":[{"href":"https:\/\/freshgarbage.fi\/en\/wp-json\/wp\/v2\/product\/63868","targetHints":{"allow":["GET"]}}],"collection":[{"href":"https:\/\/freshgarbage.fi\/en\/wp-json\/wp\/v2\/product"}],"about":[{"href":"https:\/\/freshgarbage.fi\/en\/wp-json\/wp\/v2\/types\/product"}],"wp:featuredmedia":[{"embeddable":true,"href":"https:\/\/freshgarbage.fi\/en\/wp-json\/wp\/v2\/media\/36037"}],"wp:attachment":[{"href":"https:\/\/freshgarbage.fi\/en\/wp-json\/wp\/v2\/media?parent=63868"}],"wp:term":[{"taxonomy":"product_brand","embeddable":true,"href":"https:\/\/freshgarbage.fi\/en\/wp-json\/wp\/v2\/product_brand?post=63868"},{"taxonomy":"product_cat","embeddable":true,"href":"https:\/\/freshgarbage.fi\/en\/wp-json\/wp\/v2\/product_cat?post=63868"},{"taxonomy":"product_tag","embeddable":true,"href":"https:\/\/freshgarbage.fi\/en\/wp-json\/wp\/v2\/product_tag?post=63868"}],"curies":[{"name":"wp","href":"https:\/\/api.w.org\/{rel}","templated":true}]}}