{"id":63780,"date":"2025-09-24T15:15:50","date_gmt":"2025-09-24T12:15:50","guid":{"rendered":"https:\/\/freshgarbage.fi\/tuote\/luis-perez-ipan-in-xiktli-metztli-mexico-magico-cosmico-en-el-ombligo-de-la-luna\/"},"modified":"2026-02-03T07:59:19","modified_gmt":"2026-02-03T05:59:19","slug":"luis-perez-ipan-in-xiktli-metztli-mexico-magico-cosmico-en-el-ombligo-de-la-luna","status":"publish","type":"product","link":"https:\/\/freshgarbage.fi\/en\/product\/luis-perez-ipan-in-xiktli-metztli-mexico-magico-cosmico-en-el-ombligo-de-la-luna\/","title":{"rendered":"Luis Perez \u2013 Ipan In Xiktli Metztli, M\u00e9xico M\u00e1gico C\u00f3smico, En El Ombligo De La Luna"},"content":{"rendered":"","protected":false},"excerpt":{"rendered":"<p>MR BONGO SUPERTARJOUS<\/p>\n<p>Rare electronic Mexican experimental LP from 1981 fusing traditional and electronic instruments.<\/p>\n<p>Official Mr Bongo reissue. Replica original artwork, including the insert with listening instructions, in Spanish and English.<\/p>\n<p>Luis P\u00e9rez was born in Mexico City on July 11, 1951. From 1971 onwards he dedicated much of his time to the research of the pre-Columbian instrumentation of Mesoamerica. This research allowed him to travel the Mexican territory and study musical traditions of the native peoples of Mexico. He learned directly from the living sources of the music and collected samples of musical instruments and the songs of different native speakers including Maya, Nahuatl, Mazateco, Yoemem, Comcaac, Raramuri, Wixarika and more.<\/p>\n<p>His personal collection of native Mexican instruments includes ethnographic instruments still in use by ethnic groups, along with archaeological artifacts some of which are more than 2,000 years old. He continuously utilises these instruments in performances, concerts, lectures, exhibitions, and recordings, keeping them alive.<\/p>\n<p>\u2018El Ombligo de la Luna\u2019 delves deep into the past but also exists entirely outside of time, as Luis P\u00e9rez \u2018Ixoneztli\u2019\u2019s offering to the world \u2013 the soul of Mexico channeled through the hands and heart of a master musician.<\/p>\n<p>A1 Suite Al Culto Solar &#8211; In Altepetl Tonal<br \/>\nA2 Suite Al Culto Solar &#8211; Xochiyaoyoloh<br \/>\nA3 Suite Al Culto Solar &#8211; Ketzalkoatl Yauh Miktlan<br \/>\nB1 Ipan In Xiktli Metztli<\/p>\n","protected":false},"featured_media":36899,"template":"","meta":{"_acf_changed":false},"product_brand":[],"product_cat":[126,107,137],"product_tag":[],"class_list":{"0":"post-63780","1":"product","2":"type-product","3":"status-publish","4":"has-post-thumbnail","6":"product_cat-experimental-ambient-noise-contemporary-classical","7":"product_cat-new","8":"product_cat-world-music-traditional-ethnic-en","9":"pa_formaatti-lp-en","10":"pa_kaytetty-uusi-new","12":"first","13":"instock","14":"taxable","15":"shipping-taxable","16":"purchasable","17":"product-type-simple"},"acf":[],"_links":{"self":[{"href":"https:\/\/freshgarbage.fi\/en\/wp-json\/wp\/v2\/product\/63780","targetHints":{"allow":["GET"]}}],"collection":[{"href":"https:\/\/freshgarbage.fi\/en\/wp-json\/wp\/v2\/product"}],"about":[{"href":"https:\/\/freshgarbage.fi\/en\/wp-json\/wp\/v2\/types\/product"}],"wp:featuredmedia":[{"embeddable":true,"href":"https:\/\/freshgarbage.fi\/en\/wp-json\/wp\/v2\/media\/36899"}],"wp:attachment":[{"href":"https:\/\/freshgarbage.fi\/en\/wp-json\/wp\/v2\/media?parent=63780"}],"wp:term":[{"taxonomy":"product_brand","embeddable":true,"href":"https:\/\/freshgarbage.fi\/en\/wp-json\/wp\/v2\/product_brand?post=63780"},{"taxonomy":"product_cat","embeddable":true,"href":"https:\/\/freshgarbage.fi\/en\/wp-json\/wp\/v2\/product_cat?post=63780"},{"taxonomy":"product_tag","embeddable":true,"href":"https:\/\/freshgarbage.fi\/en\/wp-json\/wp\/v2\/product_tag?post=63780"}],"curies":[{"name":"wp","href":"https:\/\/api.w.org\/{rel}","templated":true}]}}