{"id":63774,"date":"2025-12-10T11:45:22","date_gmt":"2025-12-10T09:45:22","guid":{"rendered":"https:\/\/freshgarbage.fi\/tuote\/ian-matthews-if-you-saw-thro-my-eyes\/"},"modified":"2025-12-10T11:45:22","modified_gmt":"2025-12-10T09:45:22","slug":"ian-matthews-if-you-saw-thro-my-eyes","status":"publish","type":"product","link":"https:\/\/freshgarbage.fi\/en\/product\/ian-matthews-if-you-saw-thro-my-eyes\/","title":{"rendered":"Ian Matthews \u2013 If You Saw Thro&#8217; My Eyes"},"content":{"rendered":"","protected":false},"excerpt":{"rendered":"<p>Alkuper\u00e4inen US-painos. Spiraali-Vertigo etiketit.<\/p>\n<p>Kannessa reilua pintakulumaa ja cut-out-reik\u00e4. Sin\u00e4ns\u00e4 ihan hyv\u00e4t. A-puolella levyss\u00e4 jokunen j\u00e4lki, eiv\u00e4t kuuluu toistossa.<\/p>\n","protected":false},"featured_media":61234,"template":"","meta":{"_acf_changed":false},"product_brand":[],"product_cat":[125],"product_tag":[],"class_list":{"0":"post-63774","1":"product","2":"type-product","3":"status-publish","4":"has-post-thumbnail","6":"product_cat-folk-folk-rock-acoustic-en","7":"pa_formaatti-lp-en","8":"pa_kaytetty-uusi-2nd-hand","10":"first","11":"instock","12":"shipping-taxable","13":"purchasable","14":"product-type-simple"},"acf":[],"_links":{"self":[{"href":"https:\/\/freshgarbage.fi\/en\/wp-json\/wp\/v2\/product\/63774","targetHints":{"allow":["GET"]}}],"collection":[{"href":"https:\/\/freshgarbage.fi\/en\/wp-json\/wp\/v2\/product"}],"about":[{"href":"https:\/\/freshgarbage.fi\/en\/wp-json\/wp\/v2\/types\/product"}],"wp:featuredmedia":[{"embeddable":true,"href":"https:\/\/freshgarbage.fi\/en\/wp-json\/wp\/v2\/media\/61234"}],"wp:attachment":[{"href":"https:\/\/freshgarbage.fi\/en\/wp-json\/wp\/v2\/media?parent=63774"}],"wp:term":[{"taxonomy":"product_brand","embeddable":true,"href":"https:\/\/freshgarbage.fi\/en\/wp-json\/wp\/v2\/product_brand?post=63774"},{"taxonomy":"product_cat","embeddable":true,"href":"https:\/\/freshgarbage.fi\/en\/wp-json\/wp\/v2\/product_cat?post=63774"},{"taxonomy":"product_tag","embeddable":true,"href":"https:\/\/freshgarbage.fi\/en\/wp-json\/wp\/v2\/product_tag?post=63774"}],"curies":[{"name":"wp","href":"https:\/\/api.w.org\/{rel}","templated":true}]}}