{"id":63770,"date":"2025-12-10T17:25:56","date_gmt":"2025-12-10T15:25:56","guid":{"rendered":"https:\/\/freshgarbage.fi\/tuote\/fonograf-fonograf-1\/"},"modified":"2025-12-10T17:25:56","modified_gmt":"2025-12-10T15:25:56","slug":"fonograf-fonograf-1","status":"publish","type":"product","link":"https:\/\/freshgarbage.fi\/en\/product\/fonograf-fonograf-1\/","title":{"rendered":"Fonogr\u00e1f \u2013 Fonogr\u00e1f 1."},"content":{"rendered":"","protected":false},"excerpt":{"rendered":"<p>Alkuper\u00e4inen Unkari-painos. Export -painos.<\/p>\n<p>Hieman yleist\u00e4 kulumaa kannessa. Levyss\u00e4 painaumaj\u00e4lke\u00e4.<\/p>\n","protected":false},"featured_media":61338,"template":"","meta":{"_acf_changed":false},"product_brand":[],"product_cat":[125,113],"product_tag":[],"class_list":{"0":"post-63770","1":"product","2":"type-product","3":"status-publish","4":"has-post-thumbnail","6":"product_cat-folk-folk-rock-acoustic-en","7":"product_cat-progressive-rock-krautrock-en","8":"pa_formaatti-lp-en","9":"pa_kaytetty-uusi-2nd-hand","11":"first","12":"instock","13":"shipping-taxable","14":"purchasable","15":"product-type-simple"},"acf":[],"_links":{"self":[{"href":"https:\/\/freshgarbage.fi\/en\/wp-json\/wp\/v2\/product\/63770","targetHints":{"allow":["GET"]}}],"collection":[{"href":"https:\/\/freshgarbage.fi\/en\/wp-json\/wp\/v2\/product"}],"about":[{"href":"https:\/\/freshgarbage.fi\/en\/wp-json\/wp\/v2\/types\/product"}],"wp:featuredmedia":[{"embeddable":true,"href":"https:\/\/freshgarbage.fi\/en\/wp-json\/wp\/v2\/media\/61338"}],"wp:attachment":[{"href":"https:\/\/freshgarbage.fi\/en\/wp-json\/wp\/v2\/media?parent=63770"}],"wp:term":[{"taxonomy":"product_brand","embeddable":true,"href":"https:\/\/freshgarbage.fi\/en\/wp-json\/wp\/v2\/product_brand?post=63770"},{"taxonomy":"product_cat","embeddable":true,"href":"https:\/\/freshgarbage.fi\/en\/wp-json\/wp\/v2\/product_cat?post=63770"},{"taxonomy":"product_tag","embeddable":true,"href":"https:\/\/freshgarbage.fi\/en\/wp-json\/wp\/v2\/product_tag?post=63770"}],"curies":[{"name":"wp","href":"https:\/\/api.w.org\/{rel}","templated":true}]}}