{"id":63713,"date":"2025-11-13T11:47:55","date_gmt":"2025-11-13T09:47:55","guid":{"rendered":"https:\/\/freshgarbage.fi\/tuote\/jimi-tenor-and-his-shamans-total-capacity-of-2165-litres\/"},"modified":"2025-11-13T11:47:55","modified_gmt":"2025-11-13T09:47:55","slug":"jimi-tenor-and-his-shamans-total-capacity-of-2165-litres","status":"publish","type":"product","link":"https:\/\/freshgarbage.fi\/en\/product\/jimi-tenor-and-his-shamans-total-capacity-of-2165-litres\/","title":{"rendered":"Jimi Tenor And His Shamans \u2013 Total Capacity Of 216,5 Litres"},"content":{"rendered":"","protected":false},"excerpt":{"rendered":"<p>Alkuper\u00e4inen ja ainoa vinyylipainos.<\/p>\n<p>Levyss\u00e4 hentoa hiusj\u00e4lke\u00e4\/hankaumaa. Soi erinomaisesti.<\/p>\n","protected":false},"featured_media":59215,"template":"","meta":{"_acf_changed":false},"product_brand":[],"product_cat":[126,120],"product_tag":[],"class_list":{"0":"post-63713","1":"product","2":"type-product","3":"status-publish","4":"has-post-thumbnail","6":"product_cat-experimental-ambient-noise-contemporary-classical","7":"product_cat-finnish","8":"pa_formaatti-lp-en","9":"pa_kaytetty-uusi-2nd-hand","11":"first","12":"instock","13":"shipping-taxable","14":"purchasable","15":"product-type-simple"},"acf":[],"_links":{"self":[{"href":"https:\/\/freshgarbage.fi\/en\/wp-json\/wp\/v2\/product\/63713","targetHints":{"allow":["GET"]}}],"collection":[{"href":"https:\/\/freshgarbage.fi\/en\/wp-json\/wp\/v2\/product"}],"about":[{"href":"https:\/\/freshgarbage.fi\/en\/wp-json\/wp\/v2\/types\/product"}],"wp:featuredmedia":[{"embeddable":true,"href":"https:\/\/freshgarbage.fi\/en\/wp-json\/wp\/v2\/media\/59215"}],"wp:attachment":[{"href":"https:\/\/freshgarbage.fi\/en\/wp-json\/wp\/v2\/media?parent=63713"}],"wp:term":[{"taxonomy":"product_brand","embeddable":true,"href":"https:\/\/freshgarbage.fi\/en\/wp-json\/wp\/v2\/product_brand?post=63713"},{"taxonomy":"product_cat","embeddable":true,"href":"https:\/\/freshgarbage.fi\/en\/wp-json\/wp\/v2\/product_cat?post=63713"},{"taxonomy":"product_tag","embeddable":true,"href":"https:\/\/freshgarbage.fi\/en\/wp-json\/wp\/v2\/product_tag?post=63713"}],"curies":[{"name":"wp","href":"https:\/\/api.w.org\/{rel}","templated":true}]}}