{"id":63710,"date":"2025-10-28T11:44:33","date_gmt":"2025-10-28T09:44:33","guid":{"rendered":"https:\/\/freshgarbage.fi\/tuote\/kid-koala-12-bit-blues\/"},"modified":"2025-10-28T11:44:33","modified_gmt":"2025-10-28T09:44:33","slug":"kid-koala-12-bit-blues","status":"publish","type":"product","link":"https:\/\/freshgarbage.fi\/en\/product\/kid-koala-12-bit-blues\/","title":{"rendered":"Kid Koala \u2013 12 Bit Blues"},"content":{"rendered":"","protected":false},"excerpt":{"rendered":"<p>2LP. Alkuper\u00e4inen UK-painos, jossa mukana alla mainitut ylim\u00e4\u00e4r\u00e4iset liitteet. Liitteet edelleen avaamattomassa muovitaskussa.<\/p>\n<p>Illustrated Booklet and Domino Set plus 12 Track Album. Limited first edition including free download code of the album, turntable kit and flexi disc.<\/p>\n","protected":false},"featured_media":12342,"template":"","meta":{"_acf_changed":false},"product_brand":[],"product_cat":[127],"product_tag":[],"class_list":{"0":"post-63710","1":"product","2":"type-product","3":"status-publish","4":"has-post-thumbnail","6":"product_cat-electronic-en","7":"pa_formaatti-lp-en","8":"pa_kaytetty-uusi-2nd-hand","10":"first","11":"instock","12":"shipping-taxable","13":"purchasable","14":"product-type-simple"},"acf":[],"_links":{"self":[{"href":"https:\/\/freshgarbage.fi\/en\/wp-json\/wp\/v2\/product\/63710","targetHints":{"allow":["GET"]}}],"collection":[{"href":"https:\/\/freshgarbage.fi\/en\/wp-json\/wp\/v2\/product"}],"about":[{"href":"https:\/\/freshgarbage.fi\/en\/wp-json\/wp\/v2\/types\/product"}],"wp:featuredmedia":[{"embeddable":true,"href":"https:\/\/freshgarbage.fi\/en\/wp-json\/wp\/v2\/media\/12342"}],"wp:attachment":[{"href":"https:\/\/freshgarbage.fi\/en\/wp-json\/wp\/v2\/media?parent=63710"}],"wp:term":[{"taxonomy":"product_brand","embeddable":true,"href":"https:\/\/freshgarbage.fi\/en\/wp-json\/wp\/v2\/product_brand?post=63710"},{"taxonomy":"product_cat","embeddable":true,"href":"https:\/\/freshgarbage.fi\/en\/wp-json\/wp\/v2\/product_cat?post=63710"},{"taxonomy":"product_tag","embeddable":true,"href":"https:\/\/freshgarbage.fi\/en\/wp-json\/wp\/v2\/product_tag?post=63710"}],"curies":[{"name":"wp","href":"https:\/\/api.w.org\/{rel}","templated":true}]}}