{"id":63676,"date":"2025-11-11T11:55:07","date_gmt":"2025-11-11T09:55:07","guid":{"rendered":"https:\/\/freshgarbage.fi\/tuote\/2-men-4-soul-2-men-4-soul\/"},"modified":"2025-11-11T11:55:07","modified_gmt":"2025-11-11T09:55:07","slug":"2-men-4-soul-2-men-4-soul","status":"publish","type":"product","link":"https:\/\/freshgarbage.fi\/en\/product\/2-men-4-soul-2-men-4-soul\/","title":{"rendered":"2 Men 4 Soul \u2013 2 Men 4 Soul"},"content":{"rendered":"","protected":false},"excerpt":{"rendered":"<p>2&#215;12&#8243;. Alkuper\u00e4inen painos. Pient\u00e4 kulumaa kannessa sek\u00e4 hintalapun j\u00e4\u00e4m\u00e4.<\/p>\n","protected":false},"featured_media":58952,"template":"","meta":{"_acf_changed":false},"product_brand":[],"product_cat":[127],"product_tag":[],"class_list":{"0":"post-63676","1":"product","2":"type-product","3":"status-publish","4":"has-post-thumbnail","6":"product_cat-electronic-en","7":"pa_formaatti-lp-en","8":"pa_kaytetty-uusi-2nd-hand","10":"first","11":"instock","12":"shipping-taxable","13":"purchasable","14":"product-type-simple"},"acf":[],"_links":{"self":[{"href":"https:\/\/freshgarbage.fi\/en\/wp-json\/wp\/v2\/product\/63676","targetHints":{"allow":["GET"]}}],"collection":[{"href":"https:\/\/freshgarbage.fi\/en\/wp-json\/wp\/v2\/product"}],"about":[{"href":"https:\/\/freshgarbage.fi\/en\/wp-json\/wp\/v2\/types\/product"}],"wp:featuredmedia":[{"embeddable":true,"href":"https:\/\/freshgarbage.fi\/en\/wp-json\/wp\/v2\/media\/58952"}],"wp:attachment":[{"href":"https:\/\/freshgarbage.fi\/en\/wp-json\/wp\/v2\/media?parent=63676"}],"wp:term":[{"taxonomy":"product_brand","embeddable":true,"href":"https:\/\/freshgarbage.fi\/en\/wp-json\/wp\/v2\/product_brand?post=63676"},{"taxonomy":"product_cat","embeddable":true,"href":"https:\/\/freshgarbage.fi\/en\/wp-json\/wp\/v2\/product_cat?post=63676"},{"taxonomy":"product_tag","embeddable":true,"href":"https:\/\/freshgarbage.fi\/en\/wp-json\/wp\/v2\/product_tag?post=63676"}],"curies":[{"name":"wp","href":"https:\/\/api.w.org\/{rel}","templated":true}]}}