{"id":63664,"date":"2025-12-11T17:25:11","date_gmt":"2025-12-11T15:25:11","guid":{"rendered":"https:\/\/freshgarbage.fi\/tuote\/the-vanishing-voice-stone-tablet\/"},"modified":"2025-12-11T17:25:11","modified_gmt":"2025-12-11T15:25:11","slug":"the-vanishing-voice-stone-tablet","status":"publish","type":"product","link":"https:\/\/freshgarbage.fi\/en\/product\/the-vanishing-voice-stone-tablet\/","title":{"rendered":"The Vanishing Voice \u2013 Stone Tablet"},"content":{"rendered":"","protected":false},"excerpt":{"rendered":"<p>Kevytt\u00e4 sis\u00e4pussij\u00e4lke\u00e4, soi hyvin.<\/p>\n","protected":false},"featured_media":61386,"template":"","meta":{"_acf_changed":false},"product_brand":[],"product_cat":[126],"product_tag":[],"class_list":{"0":"post-63664","1":"product","2":"type-product","3":"status-publish","4":"has-post-thumbnail","6":"product_cat-experimental-ambient-noise-contemporary-classical","7":"pa_formaatti-lp-en","8":"pa_kaytetty-uusi-2nd-hand","10":"first","11":"instock","12":"shipping-taxable","13":"purchasable","14":"product-type-simple"},"acf":[],"_links":{"self":[{"href":"https:\/\/freshgarbage.fi\/en\/wp-json\/wp\/v2\/product\/63664","targetHints":{"allow":["GET"]}}],"collection":[{"href":"https:\/\/freshgarbage.fi\/en\/wp-json\/wp\/v2\/product"}],"about":[{"href":"https:\/\/freshgarbage.fi\/en\/wp-json\/wp\/v2\/types\/product"}],"wp:featuredmedia":[{"embeddable":true,"href":"https:\/\/freshgarbage.fi\/en\/wp-json\/wp\/v2\/media\/61386"}],"wp:attachment":[{"href":"https:\/\/freshgarbage.fi\/en\/wp-json\/wp\/v2\/media?parent=63664"}],"wp:term":[{"taxonomy":"product_brand","embeddable":true,"href":"https:\/\/freshgarbage.fi\/en\/wp-json\/wp\/v2\/product_brand?post=63664"},{"taxonomy":"product_cat","embeddable":true,"href":"https:\/\/freshgarbage.fi\/en\/wp-json\/wp\/v2\/product_cat?post=63664"},{"taxonomy":"product_tag","embeddable":true,"href":"https:\/\/freshgarbage.fi\/en\/wp-json\/wp\/v2\/product_tag?post=63664"}],"curies":[{"name":"wp","href":"https:\/\/api.w.org\/{rel}","templated":true}]}}