{"id":63652,"date":"2025-12-12T11:45:53","date_gmt":"2025-12-12T09:45:53","guid":{"rendered":"https:\/\/freshgarbage.fi\/tuote\/islaja-keraaminen-paa\/"},"modified":"2025-12-12T11:45:53","modified_gmt":"2025-12-12T09:45:53","slug":"islaja-keraaminen-paa","status":"publish","type":"product","link":"https:\/\/freshgarbage.fi\/en\/product\/islaja-keraaminen-paa\/","title":{"rendered":"Islaja \u2013 Keraaminen P\u00e4\u00e4"},"content":{"rendered":"","protected":false},"excerpt":{"rendered":"<p>Alkuper\u00e4inen ja ainoa vinyylipainos.<\/p>\n","protected":false},"featured_media":61617,"template":"","meta":{"_acf_changed":false},"product_brand":[],"product_cat":[126,120],"product_tag":[],"class_list":{"0":"post-63652","1":"product","2":"type-product","3":"status-publish","4":"has-post-thumbnail","6":"product_cat-experimental-ambient-noise-contemporary-classical","7":"product_cat-finnish","8":"pa_formaatti-lp-en","9":"pa_kaytetty-uusi-2nd-hand","11":"first","12":"instock","13":"shipping-taxable","14":"purchasable","15":"product-type-simple"},"acf":[],"_links":{"self":[{"href":"https:\/\/freshgarbage.fi\/en\/wp-json\/wp\/v2\/product\/63652","targetHints":{"allow":["GET"]}}],"collection":[{"href":"https:\/\/freshgarbage.fi\/en\/wp-json\/wp\/v2\/product"}],"about":[{"href":"https:\/\/freshgarbage.fi\/en\/wp-json\/wp\/v2\/types\/product"}],"wp:featuredmedia":[{"embeddable":true,"href":"https:\/\/freshgarbage.fi\/en\/wp-json\/wp\/v2\/media\/61617"}],"wp:attachment":[{"href":"https:\/\/freshgarbage.fi\/en\/wp-json\/wp\/v2\/media?parent=63652"}],"wp:term":[{"taxonomy":"product_brand","embeddable":true,"href":"https:\/\/freshgarbage.fi\/en\/wp-json\/wp\/v2\/product_brand?post=63652"},{"taxonomy":"product_cat","embeddable":true,"href":"https:\/\/freshgarbage.fi\/en\/wp-json\/wp\/v2\/product_cat?post=63652"},{"taxonomy":"product_tag","embeddable":true,"href":"https:\/\/freshgarbage.fi\/en\/wp-json\/wp\/v2\/product_tag?post=63652"}],"curies":[{"name":"wp","href":"https:\/\/api.w.org\/{rel}","templated":true}]}}